{"id":2149,"date":"2023-12-21T22:30:49","date_gmt":"2023-12-21T22:30:49","guid":{"rendered":"https:\/\/limbadaneza.ro\/da\/?page_id=2149"},"modified":"2023-12-22T22:40:37","modified_gmt":"2023-12-22T22:40:37","slug":"ambassader-og-skat","status":"publish","type":"page","link":"https:\/\/limbadaneza.ro\/da\/ambassader-og-skat\/","title":{"rendered":"Ambassader og SKAT"},"content":{"rendered":"[vc_section][vc_row remove_bottom_col_margin=&#8221;true&#8221;][vc_column]<div class=\"vcex-spacing hidden-phone\" style=\"height:40px\"><\/div>[vc_separator border_width=&#8221;2&#8243; el_width=&#8221;60&#8243;]<div class=\"vcex-spacing hidden-phone\" style=\"height:40px\"><\/div>[\/vc_column][\/vc_row][\/vc_section][vc_section][vc_row gap=&#8221;30&#8243; remove_bottom_col_margin=&#8221;true&#8221;][vc_column width=&#8221;1\/3&#8243;][vc_single_image image=&#8221;897&#8243;][vc_column_text]\n<h2><span style=\"color: #dd3333;\">Kongeriget Danmarks ambassade i Rum\u00e6nien<\/span><\/h2>\n<p><span style=\"font-family: Montserrat;\">Adresse: Str. Dr. Burghelea No. 3, sektor 2, 024031 Bukarest<br \/>\nTelefon: (0040-21) 300.08.00<br \/>\nFax: (0040-21) 312.03.58<\/span><br \/>\n<span style=\"font-family: Montserrat;\">E-mail: <a href=\"mailto:buhamb@um.dk\">buhamb@um.dk<\/a><\/span><br \/>\n<span style=\"font-family: Montserrat;\">Website: <a href=\"https:\/\/www.rumaenien.um.dk\" target=\"_blank\" rel=\"noopener\">www.rumaenien.um.dk<\/a><\/span><br \/>\n<span style=\"font-family: Montserrat;\"><a href=\"https:\/\/rumaenien.um.dk\/en.aspx\" target=\"_blank\" rel=\"noopener\">https:\/\/rumaenien.um.dk\/en.aspx<\/a><\/span><br \/>\n<span style=\"font-family: Montserrat;\">\u00c5bningstider: Mandag-Fredag 09.00-16.30<br \/>\nKonsul\u00e6r afdeling<br \/>\n\u00c5bningstider: Mandag-Torsdag 09.30-12.30<\/span>[\/vc_column_text]<a href=\"http:\/\/www.mae.ro\/foreign-missions\/3516\" class=\"vcex-button theme-button inline animate-on-hover wpex-data-hover\" target=\"_blank\" style=\"background:#dd3333;color:#ffffff;\" data-hover-background=\"#000000\" data-hover-color=\"#ffffff\"><span class=\"theme-button-inner\">L\u00e6s mere&#8230;<\/span><\/a> [\/vc_column][vc_column width=&#8221;1\/3&#8243;][vc_single_image image=&#8221;898&#8243;][vc_column_text font_family=&#8221;Montserrat&#8221; font_size=&#8221;d:16|pp:12&#8243;]\n<h2><span style=\"color: #dd3333;\">Rum\u00e6niens Ambassade i Kongeriget Danmark<\/span><\/h2>\n<p style=\"text-align: justify;\">Adresse: Strandagervej 27, 2900 Hellerup, K\u00f8benhavn<br \/>\nTelefon: +45 39 40 71 77<br \/>\nHotline: +45 30 80 34 08 (mandag-fredag, efter kl. 16.30 og l\u00f8rdag og s\u00f8ndag).<br \/>\nN\u00f8dtelefonnummer: +45 27 35 55 37 \u2013 Eksklusivt for rum\u00e6nske statsborgere, der st\u00e5r over for en vanskelig, speciel n\u00f8dsituation (ulykker med ofre, d\u00f8dsfald, katastrofer og andre farlige eller ekstraordin\u00e6re situationer).<br \/>\nFax: +45 39 62 78 99<br \/>\nE-mail: <a href=\"mailto:copenhaga@mae.ro\">copenhaga@mae.ro<\/a><br \/>\nWebsite: <a href=\"https:\/\/copenhaga.mae.ro\" target=\"_blank\" rel=\"noopener\">https:\/\/copenhaga.mae.ro<\/a><br \/>\nKONSUL\u00c6R AFDELING<br \/>\nFor information om den konsul\u00e6re sektion, bes\u00f8g venligst f\u00f8lgende link: <a href=\"https:\/\/copenhaga.mae.ro\/node\/258\" target=\"_blank\" rel=\"noopener\">https:\/\/copenhaga.mae.ro\/node\/258<\/a><\/p>\n[\/vc_column_text]<a href=\"http:\/\/copenhaga.mae.ro\/\" class=\"vcex-button theme-button inline animate-on-hover wpex-data-hover\" target=\"_blank\" style=\"background:#dd3333;color:#ffffff;\" data-hover-background=\"#000000\" data-hover-color=\"#ffffff\"><span class=\"theme-button-inner\">L\u00e6s mere&#8230;<\/span><\/a> [\/vc_column][vc_column width=&#8221;1\/3&#8243;][vc_single_image image=&#8221;893&#8243;][vc_column_text font_family=&#8221;Montserrat&#8221; font_size=&#8221;d:16|pp:12&#8243;]\n<h2><span style=\"color: #dd3333;\">SKAT (Skat og toldv\u00e6sen)<\/span><\/h2>\n<p style=\"text-align: justify;\">Website: <a href=\"https:\/\/skat.dk\/en-us\/individuals\" target=\"_blank\" rel=\"noopener\">https:\/\/skat.dk\/en-us\/individuals<\/a><\/p>\n[\/vc_column_text]<a href=\"https:\/\/www.skat.dk\/\" class=\"vcex-button theme-button inline animate-on-hover wpex-data-hover\" target=\"_blank\" style=\"background:#dd3333;color:#ffffff;\" data-hover-background=\"#000000\" data-hover-color=\"#ffffff\"><span class=\"theme-button-inner\">L\u00e6s mere&#8230;<\/span><\/a> [\/vc_column][\/vc_row][\/vc_section][vc_section disable_element=&#8221;yes&#8221;][vc_row][vc_column width=&#8221;1\/2&#8243;]<div class=\"vcex-module vcex-icon-box clr vcex-icon-box-four  vc_custom_1528719113297\"><div class=\"vcex-icon-box-icon\" style=\"color:#dd3333;font-size:32px;\"><span class=\"fa fa-phone\"><\/span><\/div><h2 class=\"vcex-icon-box-heading\" style=\"font-family:Montserrat;font-weight:400;color:#dd3333;font-size:32px;\" >Telefon<\/h2><div class=\"vcex-icon-box-content clr\" ><p><span style=\"font-family: montserrat;color: #dd3333;font-size: 20px\">(+40) 754 595 752 \/ (+45) 50 19 38 55<\/span><\/p>\n<\/div><\/div>[\/vc_column][vc_column width=&#8221;1\/2&#8243;]<div class=\"vcex-module vcex-icon-box clr vcex-icon-box-four  vc_custom_1523975095135\"><div class=\"vcex-icon-box-icon\" style=\"color:#dd3333;font-size:32px;\"><span class=\"fa fa-envelope\"><\/span><\/div><h2 class=\"vcex-icon-box-heading\" style=\"font-family:Montserrat;font-weight:400;color:#dd3333;font-size:32px;\" >E-mail<\/h2><div class=\"vcex-icon-box-content clr\" ><p><span style=\"font-family: montserrat;color: #dd3333;font-size: 20px\">vikingro.office@gmail.com<\/span><\/p>\n<\/div><\/div>[\/vc_column][\/vc_row][\/vc_section]\n","protected":false},"excerpt":{"rendered":"<p>[vc_section][vc_row remove_bottom_col_margin=&#8221;true&#8221;][vc_column][vc_separator border_width=&#8221;2&#8243; el_width=&#8221;60&#8243;][\/vc_column][\/vc_row][\/vc_section][vc_section][vc_row gap=&#8221;30&#8243; remove_bottom_col_margin=&#8221;true&#8221;][vc_column width=&#8221;1\/3&#8243;][vc_single_image image=&#8221;897&#8243;][vc_column_text] Kongeriget Danmarks ambassade i Rum\u00e6nien Adresse: Str. Dr. Burghelea No. 3, sektor 2, 024031 Bukarest Telefon: (0040-21) 300.08.00 Fax: (0040-21) 312.03.58 E-mail: buhamb@um.dk Website: www.rumaenien.um.dk https:\/\/rumaenien.um.dk\/en.aspx \u00c5bningstider: Mandag-Fredag 09.00-16.30 Konsul\u00e6r afdeling \u00c5bningstider:&hellip;<\/p>\n","protected":false},"author":2,"featured_media":0,"parent":0,"menu_order":0,"comment_status":"closed","ping_status":"closed","template":"","meta":{"footnotes":""},"class_list":["post-2149","page","type-page","status-publish","hentry","entry","no-media"],"yoast_head":"<!-- This site is optimized with the Yoast SEO plugin v23.1 - https:\/\/yoast.com\/wordpress\/plugins\/seo\/ -->\n<title>Ambassader og SKAT - Limba Daneza<\/title>\n<meta name=\"robots\" content=\"index, follow, max-snippet:-1, max-image-preview:large, max-video-preview:-1\" \/>\n<link rel=\"canonical\" href=\"https:\/\/limbadaneza.ro\/da\/ambassader-og-skat\/\" \/>\n<meta property=\"og:locale\" content=\"da_DK\" \/>\n<meta property=\"og:type\" content=\"article\" \/>\n<meta property=\"og:title\" content=\"Ambassader og SKAT - Limba Daneza\" \/>\n<meta property=\"og:description\" content=\"[vc_section][vc_row remove_bottom_col_margin=&#8221;true&#8221;][vc_column][vc_separator border_width=&#8221;2&#8243; el_width=&#8221;60&#8243;][\/vc_column][\/vc_row][\/vc_section][vc_section][vc_row gap=&#8221;30&#8243; remove_bottom_col_margin=&#8221;true&#8221;][vc_column width=&#8221;1\/3&#8243;][vc_single_image image=&#8221;897&#8243;][vc_column_text] Kongeriget Danmarks ambassade i Rum\u00e6nien Adresse: Str. Dr. Burghelea No. 3, sektor 2, 024031 Bukarest Telefon: (0040-21) 300.08.00 Fax: (0040-21) 312.03.58 E-mail: buhamb@um.dk Website: www.rumaenien.um.dk https:\/\/rumaenien.um.dk\/en.aspx \u00c5bningstider: Mandag-Fredag 09.00-16.30 Konsul\u00e6r afdeling \u00c5bningstider:&hellip;\" \/>\n<meta property=\"og:url\" content=\"https:\/\/limbadaneza.ro\/da\/ambassader-og-skat\/\" \/>\n<meta property=\"og:site_name\" content=\"Limba Daneza\" \/>\n<meta property=\"article:modified_time\" content=\"2023-12-22T22:40:37+00:00\" \/>\n<meta name=\"twitter:card\" content=\"summary_large_image\" \/>\n<meta name=\"twitter:label1\" content=\"Estimeret l\u00e6setid\" \/>\n\t<meta name=\"twitter:data1\" content=\"2 minutter\" \/>\n<script type=\"application\/ld+json\" class=\"yoast-schema-graph\">{\"@context\":\"https:\/\/schema.org\",\"@graph\":[{\"@type\":\"WebPage\",\"@id\":\"https:\/\/limbadaneza.ro\/da\/ambassader-og-skat\/\",\"url\":\"https:\/\/limbadaneza.ro\/da\/ambassader-og-skat\/\",\"name\":\"Ambassader og SKAT - Limba Daneza\",\"isPartOf\":{\"@id\":\"https:\/\/limbadaneza.ro\/#website\"},\"datePublished\":\"2023-12-21T22:30:49+00:00\",\"dateModified\":\"2023-12-22T22:40:37+00:00\",\"breadcrumb\":{\"@id\":\"https:\/\/limbadaneza.ro\/da\/ambassader-og-skat\/#breadcrumb\"},\"inLanguage\":\"da-DK\",\"potentialAction\":[{\"@type\":\"ReadAction\",\"target\":[\"https:\/\/limbadaneza.ro\/da\/ambassader-og-skat\/\"]}]},{\"@type\":\"BreadcrumbList\",\"@id\":\"https:\/\/limbadaneza.ro\/da\/ambassader-og-skat\/#breadcrumb\",\"itemListElement\":[{\"@type\":\"ListItem\",\"position\":1,\"name\":\"Home\",\"item\":\"https:\/\/limbadaneza.ro\/da\/\"},{\"@type\":\"ListItem\",\"position\":2,\"name\":\"Ambassader og SKAT\"}]},{\"@type\":\"WebSite\",\"@id\":\"https:\/\/limbadaneza.ro\/#website\",\"url\":\"https:\/\/limbadaneza.ro\/\",\"name\":\"Limba Daneza\",\"description\":\"Cursuri de limba daneza si traduceri\",\"publisher\":{\"@id\":\"https:\/\/limbadaneza.ro\/#organization\"},\"potentialAction\":[{\"@type\":\"SearchAction\",\"target\":{\"@type\":\"EntryPoint\",\"urlTemplate\":\"https:\/\/limbadaneza.ro\/?s={search_term_string}\"},\"query-input\":\"required name=search_term_string\"}],\"inLanguage\":\"da-DK\"},{\"@type\":\"Organization\",\"@id\":\"https:\/\/limbadaneza.ro\/#organization\",\"name\":\"Limba Daneza\",\"url\":\"https:\/\/limbadaneza.ro\/\",\"logo\":{\"@type\":\"ImageObject\",\"inLanguage\":\"da-DK\",\"@id\":\"https:\/\/limbadaneza.ro\/#\/schema\/logo\/image\/\",\"url\":\"https:\/\/limbadaneza.ro\/wp-content\/uploads\/2018\/04\/logo_vikingro1.png\",\"contentUrl\":\"https:\/\/limbadaneza.ro\/wp-content\/uploads\/2018\/04\/logo_vikingro1.png\",\"width\":4509,\"height\":1018,\"caption\":\"Limba Daneza\"},\"image\":{\"@id\":\"https:\/\/limbadaneza.ro\/#\/schema\/logo\/image\/\"}}]}<\/script>\n<!-- \/ Yoast SEO plugin. -->","yoast_head_json":{"title":"Ambassader og SKAT - Limba Daneza","robots":{"index":"index","follow":"follow","max-snippet":"max-snippet:-1","max-image-preview":"max-image-preview:large","max-video-preview":"max-video-preview:-1"},"canonical":"https:\/\/limbadaneza.ro\/da\/ambassader-og-skat\/","og_locale":"da_DK","og_type":"article","og_title":"Ambassader og SKAT - Limba Daneza","og_description":"[vc_section][vc_row remove_bottom_col_margin=&#8221;true&#8221;][vc_column][vc_separator border_width=&#8221;2&#8243; el_width=&#8221;60&#8243;][\/vc_column][\/vc_row][\/vc_section][vc_section][vc_row gap=&#8221;30&#8243; remove_bottom_col_margin=&#8221;true&#8221;][vc_column width=&#8221;1\/3&#8243;][vc_single_image image=&#8221;897&#8243;][vc_column_text] Kongeriget Danmarks ambassade i Rum\u00e6nien Adresse: Str. Dr. Burghelea No. 3, sektor 2, 024031 Bukarest Telefon: (0040-21) 300.08.00 Fax: (0040-21) 312.03.58 E-mail: buhamb@um.dk Website: www.rumaenien.um.dk https:\/\/rumaenien.um.dk\/en.aspx \u00c5bningstider: Mandag-Fredag 09.00-16.30 Konsul\u00e6r afdeling \u00c5bningstider:&hellip;","og_url":"https:\/\/limbadaneza.ro\/da\/ambassader-og-skat\/","og_site_name":"Limba Daneza","article_modified_time":"2023-12-22T22:40:37+00:00","twitter_card":"summary_large_image","twitter_misc":{"Estimeret l\u00e6setid":"2 minutter"},"schema":{"@context":"https:\/\/schema.org","@graph":[{"@type":"WebPage","@id":"https:\/\/limbadaneza.ro\/da\/ambassader-og-skat\/","url":"https:\/\/limbadaneza.ro\/da\/ambassader-og-skat\/","name":"Ambassader og SKAT - Limba Daneza","isPartOf":{"@id":"https:\/\/limbadaneza.ro\/#website"},"datePublished":"2023-12-21T22:30:49+00:00","dateModified":"2023-12-22T22:40:37+00:00","breadcrumb":{"@id":"https:\/\/limbadaneza.ro\/da\/ambassader-og-skat\/#breadcrumb"},"inLanguage":"da-DK","potentialAction":[{"@type":"ReadAction","target":["https:\/\/limbadaneza.ro\/da\/ambassader-og-skat\/"]}]},{"@type":"BreadcrumbList","@id":"https:\/\/limbadaneza.ro\/da\/ambassader-og-skat\/#breadcrumb","itemListElement":[{"@type":"ListItem","position":1,"name":"Home","item":"https:\/\/limbadaneza.ro\/da\/"},{"@type":"ListItem","position":2,"name":"Ambassader og SKAT"}]},{"@type":"WebSite","@id":"https:\/\/limbadaneza.ro\/#website","url":"https:\/\/limbadaneza.ro\/","name":"Limba Daneza","description":"Cursuri de limba daneza si traduceri","publisher":{"@id":"https:\/\/limbadaneza.ro\/#organization"},"potentialAction":[{"@type":"SearchAction","target":{"@type":"EntryPoint","urlTemplate":"https:\/\/limbadaneza.ro\/?s={search_term_string}"},"query-input":"required name=search_term_string"}],"inLanguage":"da-DK"},{"@type":"Organization","@id":"https:\/\/limbadaneza.ro\/#organization","name":"Limba Daneza","url":"https:\/\/limbadaneza.ro\/","logo":{"@type":"ImageObject","inLanguage":"da-DK","@id":"https:\/\/limbadaneza.ro\/#\/schema\/logo\/image\/","url":"https:\/\/limbadaneza.ro\/wp-content\/uploads\/2018\/04\/logo_vikingro1.png","contentUrl":"https:\/\/limbadaneza.ro\/wp-content\/uploads\/2018\/04\/logo_vikingro1.png","width":4509,"height":1018,"caption":"Limba Daneza"},"image":{"@id":"https:\/\/limbadaneza.ro\/#\/schema\/logo\/image\/"}}]}},"_links":{"self":[{"href":"https:\/\/limbadaneza.ro\/da\/wp-json\/wp\/v2\/pages\/2149"}],"collection":[{"href":"https:\/\/limbadaneza.ro\/da\/wp-json\/wp\/v2\/pages"}],"about":[{"href":"https:\/\/limbadaneza.ro\/da\/wp-json\/wp\/v2\/types\/page"}],"author":[{"embeddable":true,"href":"https:\/\/limbadaneza.ro\/da\/wp-json\/wp\/v2\/users\/2"}],"replies":[{"embeddable":true,"href":"https:\/\/limbadaneza.ro\/da\/wp-json\/wp\/v2\/comments?post=2149"}],"version-history":[{"count":0,"href":"https:\/\/limbadaneza.ro\/da\/wp-json\/wp\/v2\/pages\/2149\/revisions"}],"wp:attachment":[{"href":"https:\/\/limbadaneza.ro\/da\/wp-json\/wp\/v2\/media?parent=2149"}],"curies":[{"name":"wp","href":"https:\/\/api.w.org\/{rel}","templated":true}]}}