{"id":2072,"date":"2023-12-21T21:15:45","date_gmt":"2023-12-21T21:15:45","guid":{"rendered":"https:\/\/limbadaneza.ro\/da\/?page_id=2072"},"modified":"2023-12-22T21:47:11","modified_gmt":"2023-12-22T21:47:11","slug":"rumaenskkurser-til-danskere","status":"publish","type":"page","link":"https:\/\/limbadaneza.ro\/da\/rumaenskkurser-til-danskere\/","title":{"rendered":"RUM\u00c6NSKkurser til danskere"},"content":{"rendered":"[vc_section][vc_row][vc_column][vc_empty_space height=&#8221;40px&#8221;][vc_separator border_width=&#8221;2&#8243; el_width=&#8221;60&#8243;][vc_empty_space height=&#8221;40px&#8221;][\/vc_column][\/vc_row][\/vc_section][vc_section content_placement=&#8221;middle&#8221;][vc_row content_placement=&#8221;middle&#8221; equal_height=&#8221;yes&#8221;][vc_column width=&#8221;1\/2&#8243;][vc_column_text font_family=&#8221;Montserrat&#8221; font_size=&#8221;d:16|pp:12&#8243;]\n<h2><span style=\"color: #dd3333;\">RUM\u00c6NSKKURSER <\/span>FOR DANSKERE<\/h2>\n<p style=\"text-align: justify;\">Vi tilbyder rum\u00e6nskkurser i sm\u00e5 grupper (3-5 kursister) og individuelle kurser, ONLINE eller i et klassev\u00e6relse. L\u00e6reren er dansker med en Cand. Mag. i Sprogpsykologi. Hun har erfaring med at undervise danske firmaer i rum\u00e6nsk her i Rum\u00e6nien. L\u00e6reren taler b\u00e5de rum\u00e6nsk og engelsk og har udarbejdet et materiale inspireret af hendes egen erfaring med det rum\u00e6nske sprog, og har selvf\u00f8lgelig inkluderet en rum\u00e6nsk\/engelsk\/dansk gloseliste.<\/p>\n[\/vc_column_text][\/vc_column][vc_column width=&#8221;1\/2&#8243;][vc_single_image image=&#8221;1419&#8243; img_size=&#8221;400&#215;400&#8243; alignment=&#8221;center&#8221;][\/vc_column][\/vc_row][\/vc_section][vc_section content_placement=&#8221;middle&#8221;][vc_row content_placement=&#8221;middle&#8221; equal_height=&#8221;yes&#8221;][vc_column width=&#8221;1\/2&#8243;][vc_single_image image=&#8221;915&#8243; alignment=&#8221;center&#8221;][\/vc_column][vc_column width=&#8221;1\/2&#8243;][vc_column_text font_family=&#8221;Montserrat&#8221; font_size=&#8221;d:16|pp:12&#8243;]\n<h2 style=\"text-align: justify;\"><span style=\"color: #dd3333;\">KURSUSBESKRIVELSE<\/span><\/h2>\n<p style=\"text-align: justify;\"><span style=\"font-weight: 400;\">Kurset fokuserer p\u00e5 ordforr\u00e5d og nyttige dialoger. Kurset inkluderer ogs\u00e5 l\u00e6sning og lytning med det form\u00e5l at forst\u00e5 den overordnede mening. Kurserne er interaktive, udfordrende og sjove. Minimum antal af kursister er 3 og maksimum er 5 i en gruppe. Ved afslutningen af hvert modul gives en test og et kursusdiplom.<\/span><\/p>\n[\/vc_column_text][\/vc_column][\/vc_row][\/vc_section][vc_section][vc_row][vc_column][vc_empty_space height=&#8221;40px&#8221;][vc_text_separator title=&#8221;KURSETS VARIGHED&#8221; color=&#8221;custom&#8221; border_width=&#8221;2&#8243; accent_color=&#8221;#dd3333&#8243;][vc_empty_space height=&#8221;40px&#8221;][\/vc_column][\/vc_row][\/vc_section][vc_section][vc_row][vc_column width=&#8221;1\/3&#8243;][vc_single_image image=&#8221;918&#8243; alignment=&#8221;center&#8221;][vc_empty_space height=&#8221;40px&#8221;][vc_column_text]\n<p style=\"text-align: center;\"><b>Vlad \u021aepe\u0219, numit \u0219i Vlad Dr\u0103culea (Dracula), <\/b><b>a domnit \u00een \u0162ara Rom\u00e2neasc\u0103 \u0219i \u00een Transilvania \u00een 1448, 1456-1462 \u0219i 1476<\/b><\/p>\n[\/vc_column_text][\/vc_column][vc_column width=&#8221;2\/3&#8243;][vc_single_image image=&#8221;2194&#8243; onclick=&#8221;custom_link&#8221; img_link_target=&#8221;_blank&#8221; link=&#8221;https:\/\/europa.eu\/europass\/en\/common-european-framework-reference-language-skills&#8221;][\/vc_column][\/vc_row][\/vc_section][vc_section][vc_row][vc_column][vc_empty_space height=&#8221;40px&#8221;][vc_column_text font_family=&#8221;Montserrat&#8221; font_size=&#8221;16&#8243;]\n<p style=\"text-align: center;\">For mere information om tilmelding og betaling af kurset, kontakt os venligst p\u00e5:<\/p>\n[\/vc_column_text][\/vc_column][\/vc_row][vc_row][vc_column][vc_empty_space height=&#8221;40px&#8221;][\/vc_column][\/vc_row][\/vc_section][vc_section][vc_row][vc_column width=&#8221;1\/2&#8243;]<div class=\"vcex-module vcex-icon-box clr vcex-icon-box-four  vc_custom_1528719324588\"><div class=\"vcex-icon-box-icon\" style=\"color:#dd3333;font-size:32px;\"><span class=\"fa fa-phone\"><\/span><\/div><h2 class=\"vcex-icon-box-heading\" style=\"font-family:Montserrat;font-weight:400;color:#dd3333;font-size:32px;\" >Telefon<\/h2><div class=\"vcex-icon-box-content clr\" ><p><span style=\"font-family: montserrat;color: #dd3333;font-size: 20px\">(+40) 754 595 752 \/ (+45) 50 19 38 55<\/span><\/p>\n<\/div><\/div>[\/vc_column][vc_column width=&#8221;1\/2&#8243;]<div class=\"vcex-module vcex-icon-box clr vcex-icon-box-four  vc_custom_1523975095135\"><div class=\"vcex-icon-box-icon\" style=\"color:#dd3333;font-size:32px;\"><span class=\"fa fa-envelope\"><\/span><\/div><h2 class=\"vcex-icon-box-heading\" style=\"font-family:Montserrat;font-weight:400;color:#dd3333;font-size:32px;\" >E-mail<\/h2><div class=\"vcex-icon-box-content clr\" ><p><span style=\"font-family: montserrat;color: #dd3333;font-size: 20px\">vikingro.office@gmail.com<\/span><\/p>\n<\/div><\/div>[\/vc_column][\/vc_row][\/vc_section]\n","protected":false},"excerpt":{"rendered":"<p>[vc_section][vc_row][vc_column][vc_empty_space height=&#8221;40px&#8221;][vc_separator border_width=&#8221;2&#8243; el_width=&#8221;60&#8243;][vc_empty_space height=&#8221;40px&#8221;][\/vc_column][\/vc_row][\/vc_section][vc_section content_placement=&#8221;middle&#8221;][vc_row content_placement=&#8221;middle&#8221; equal_height=&#8221;yes&#8221;][vc_column width=&#8221;1\/2&#8243;][vc_column_text font_family=&#8221;Montserrat&#8221; font_size=&#8221;d:16|pp:12&#8243;] RUM\u00c6NSKKURSER FOR DANSKERE Vi tilbyder rum\u00e6nskkurser i sm\u00e5 grupper (3-5 kursister) og individuelle kurser, ONLINE eller i et klassev\u00e6relse. L\u00e6reren er dansker med en Cand. Mag. i Sprogpsykologi. Hun&hellip;<\/p>\n","protected":false},"author":2,"featured_media":0,"parent":0,"menu_order":0,"comment_status":"closed","ping_status":"closed","template":"","meta":{"footnotes":""},"class_list":["post-2072","page","type-page","status-publish","hentry","entry","no-media"],"yoast_head":"<!-- This site is optimized with the Yoast SEO plugin v23.1 - https:\/\/yoast.com\/wordpress\/plugins\/seo\/ -->\n<title>RUM\u00c6NSKkurser til danskere - Limba Daneza<\/title>\n<meta name=\"robots\" content=\"index, follow, max-snippet:-1, max-image-preview:large, max-video-preview:-1\" \/>\n<link rel=\"canonical\" href=\"https:\/\/limbadaneza.ro\/da\/rumaenskkurser-til-danskere\/\" \/>\n<meta property=\"og:locale\" content=\"da_DK\" \/>\n<meta property=\"og:type\" content=\"article\" \/>\n<meta property=\"og:title\" content=\"RUM\u00c6NSKkurser til danskere - Limba Daneza\" \/>\n<meta property=\"og:description\" content=\"[vc_section][vc_row][vc_column][vc_empty_space height=&#8221;40px&#8221;][vc_separator border_width=&#8221;2&#8243; el_width=&#8221;60&#8243;][vc_empty_space height=&#8221;40px&#8221;][\/vc_column][\/vc_row][\/vc_section][vc_section content_placement=&#8221;middle&#8221;][vc_row content_placement=&#8221;middle&#8221; equal_height=&#8221;yes&#8221;][vc_column width=&#8221;1\/2&#8243;][vc_column_text font_family=&#8221;Montserrat&#8221; font_size=&#8221;d:16|pp:12&#8243;] RUM\u00c6NSKKURSER FOR DANSKERE Vi tilbyder rum\u00e6nskkurser i sm\u00e5 grupper (3-5 kursister) og individuelle kurser, ONLINE eller i et klassev\u00e6relse. L\u00e6reren er dansker med en Cand. Mag. i Sprogpsykologi. Hun&hellip;\" \/>\n<meta property=\"og:url\" content=\"https:\/\/limbadaneza.ro\/da\/rumaenskkurser-til-danskere\/\" \/>\n<meta property=\"og:site_name\" content=\"Limba Daneza\" \/>\n<meta property=\"article:modified_time\" content=\"2023-12-22T21:47:11+00:00\" \/>\n<meta name=\"twitter:card\" content=\"summary_large_image\" \/>\n<meta name=\"twitter:label1\" content=\"Estimeret l\u00e6setid\" \/>\n\t<meta name=\"twitter:data1\" content=\"2 minutter\" \/>\n<script type=\"application\/ld+json\" class=\"yoast-schema-graph\">{\"@context\":\"https:\/\/schema.org\",\"@graph\":[{\"@type\":\"WebPage\",\"@id\":\"https:\/\/limbadaneza.ro\/da\/rumaenskkurser-til-danskere\/\",\"url\":\"https:\/\/limbadaneza.ro\/da\/rumaenskkurser-til-danskere\/\",\"name\":\"RUM\u00c6NSKkurser til danskere - Limba Daneza\",\"isPartOf\":{\"@id\":\"https:\/\/limbadaneza.ro\/#website\"},\"datePublished\":\"2023-12-21T21:15:45+00:00\",\"dateModified\":\"2023-12-22T21:47:11+00:00\",\"breadcrumb\":{\"@id\":\"https:\/\/limbadaneza.ro\/da\/rumaenskkurser-til-danskere\/#breadcrumb\"},\"inLanguage\":\"da-DK\",\"potentialAction\":[{\"@type\":\"ReadAction\",\"target\":[\"https:\/\/limbadaneza.ro\/da\/rumaenskkurser-til-danskere\/\"]}]},{\"@type\":\"BreadcrumbList\",\"@id\":\"https:\/\/limbadaneza.ro\/da\/rumaenskkurser-til-danskere\/#breadcrumb\",\"itemListElement\":[{\"@type\":\"ListItem\",\"position\":1,\"name\":\"Home\",\"item\":\"https:\/\/limbadaneza.ro\/da\/\"},{\"@type\":\"ListItem\",\"position\":2,\"name\":\"RUM\u00c6NSKkurser til danskere\"}]},{\"@type\":\"WebSite\",\"@id\":\"https:\/\/limbadaneza.ro\/#website\",\"url\":\"https:\/\/limbadaneza.ro\/\",\"name\":\"Limba Daneza\",\"description\":\"Cursuri de limba daneza si traduceri\",\"publisher\":{\"@id\":\"https:\/\/limbadaneza.ro\/#organization\"},\"potentialAction\":[{\"@type\":\"SearchAction\",\"target\":{\"@type\":\"EntryPoint\",\"urlTemplate\":\"https:\/\/limbadaneza.ro\/?s={search_term_string}\"},\"query-input\":\"required name=search_term_string\"}],\"inLanguage\":\"da-DK\"},{\"@type\":\"Organization\",\"@id\":\"https:\/\/limbadaneza.ro\/#organization\",\"name\":\"Limba Daneza\",\"url\":\"https:\/\/limbadaneza.ro\/\",\"logo\":{\"@type\":\"ImageObject\",\"inLanguage\":\"da-DK\",\"@id\":\"https:\/\/limbadaneza.ro\/#\/schema\/logo\/image\/\",\"url\":\"https:\/\/limbadaneza.ro\/wp-content\/uploads\/2018\/04\/logo_vikingro1.png\",\"contentUrl\":\"https:\/\/limbadaneza.ro\/wp-content\/uploads\/2018\/04\/logo_vikingro1.png\",\"width\":4509,\"height\":1018,\"caption\":\"Limba Daneza\"},\"image\":{\"@id\":\"https:\/\/limbadaneza.ro\/#\/schema\/logo\/image\/\"}}]}<\/script>\n<!-- \/ Yoast SEO plugin. -->","yoast_head_json":{"title":"RUM\u00c6NSKkurser til danskere - Limba Daneza","robots":{"index":"index","follow":"follow","max-snippet":"max-snippet:-1","max-image-preview":"max-image-preview:large","max-video-preview":"max-video-preview:-1"},"canonical":"https:\/\/limbadaneza.ro\/da\/rumaenskkurser-til-danskere\/","og_locale":"da_DK","og_type":"article","og_title":"RUM\u00c6NSKkurser til danskere - Limba Daneza","og_description":"[vc_section][vc_row][vc_column][vc_empty_space height=&#8221;40px&#8221;][vc_separator border_width=&#8221;2&#8243; el_width=&#8221;60&#8243;][vc_empty_space height=&#8221;40px&#8221;][\/vc_column][\/vc_row][\/vc_section][vc_section content_placement=&#8221;middle&#8221;][vc_row content_placement=&#8221;middle&#8221; equal_height=&#8221;yes&#8221;][vc_column width=&#8221;1\/2&#8243;][vc_column_text font_family=&#8221;Montserrat&#8221; font_size=&#8221;d:16|pp:12&#8243;] RUM\u00c6NSKKURSER FOR DANSKERE Vi tilbyder rum\u00e6nskkurser i sm\u00e5 grupper (3-5 kursister) og individuelle kurser, ONLINE eller i et klassev\u00e6relse. L\u00e6reren er dansker med en Cand. Mag. i Sprogpsykologi. Hun&hellip;","og_url":"https:\/\/limbadaneza.ro\/da\/rumaenskkurser-til-danskere\/","og_site_name":"Limba Daneza","article_modified_time":"2023-12-22T21:47:11+00:00","twitter_card":"summary_large_image","twitter_misc":{"Estimeret l\u00e6setid":"2 minutter"},"schema":{"@context":"https:\/\/schema.org","@graph":[{"@type":"WebPage","@id":"https:\/\/limbadaneza.ro\/da\/rumaenskkurser-til-danskere\/","url":"https:\/\/limbadaneza.ro\/da\/rumaenskkurser-til-danskere\/","name":"RUM\u00c6NSKkurser til danskere - Limba Daneza","isPartOf":{"@id":"https:\/\/limbadaneza.ro\/#website"},"datePublished":"2023-12-21T21:15:45+00:00","dateModified":"2023-12-22T21:47:11+00:00","breadcrumb":{"@id":"https:\/\/limbadaneza.ro\/da\/rumaenskkurser-til-danskere\/#breadcrumb"},"inLanguage":"da-DK","potentialAction":[{"@type":"ReadAction","target":["https:\/\/limbadaneza.ro\/da\/rumaenskkurser-til-danskere\/"]}]},{"@type":"BreadcrumbList","@id":"https:\/\/limbadaneza.ro\/da\/rumaenskkurser-til-danskere\/#breadcrumb","itemListElement":[{"@type":"ListItem","position":1,"name":"Home","item":"https:\/\/limbadaneza.ro\/da\/"},{"@type":"ListItem","position":2,"name":"RUM\u00c6NSKkurser til danskere"}]},{"@type":"WebSite","@id":"https:\/\/limbadaneza.ro\/#website","url":"https:\/\/limbadaneza.ro\/","name":"Limba Daneza","description":"Cursuri de limba daneza si traduceri","publisher":{"@id":"https:\/\/limbadaneza.ro\/#organization"},"potentialAction":[{"@type":"SearchAction","target":{"@type":"EntryPoint","urlTemplate":"https:\/\/limbadaneza.ro\/?s={search_term_string}"},"query-input":"required name=search_term_string"}],"inLanguage":"da-DK"},{"@type":"Organization","@id":"https:\/\/limbadaneza.ro\/#organization","name":"Limba Daneza","url":"https:\/\/limbadaneza.ro\/","logo":{"@type":"ImageObject","inLanguage":"da-DK","@id":"https:\/\/limbadaneza.ro\/#\/schema\/logo\/image\/","url":"https:\/\/limbadaneza.ro\/wp-content\/uploads\/2018\/04\/logo_vikingro1.png","contentUrl":"https:\/\/limbadaneza.ro\/wp-content\/uploads\/2018\/04\/logo_vikingro1.png","width":4509,"height":1018,"caption":"Limba Daneza"},"image":{"@id":"https:\/\/limbadaneza.ro\/#\/schema\/logo\/image\/"}}]}},"_links":{"self":[{"href":"https:\/\/limbadaneza.ro\/da\/wp-json\/wp\/v2\/pages\/2072"}],"collection":[{"href":"https:\/\/limbadaneza.ro\/da\/wp-json\/wp\/v2\/pages"}],"about":[{"href":"https:\/\/limbadaneza.ro\/da\/wp-json\/wp\/v2\/types\/page"}],"author":[{"embeddable":true,"href":"https:\/\/limbadaneza.ro\/da\/wp-json\/wp\/v2\/users\/2"}],"replies":[{"embeddable":true,"href":"https:\/\/limbadaneza.ro\/da\/wp-json\/wp\/v2\/comments?post=2072"}],"version-history":[{"count":0,"href":"https:\/\/limbadaneza.ro\/da\/wp-json\/wp\/v2\/pages\/2072\/revisions"}],"wp:attachment":[{"href":"https:\/\/limbadaneza.ro\/da\/wp-json\/wp\/v2\/media?parent=2072"}],"curies":[{"name":"wp","href":"https:\/\/api.w.org\/{rel}","templated":true}]}}