{"id":2067,"date":"2023-12-21T21:04:37","date_gmt":"2023-12-21T21:04:37","guid":{"rendered":"https:\/\/limbadaneza.ro\/da\/?page_id=2067"},"modified":"2024-04-07T16:41:59","modified_gmt":"2024-04-07T16:41:59","slug":"danskkurser-til-rumaenere","status":"publish","type":"page","link":"https:\/\/limbadaneza.ro\/da\/danskkurser-til-rumaenere\/","title":{"rendered":"DANSKKURSER til rum\u00e6nere"},"content":{"rendered":"[vc_section][vc_row remove_bottom_col_margin=&#8221;true&#8221;][vc_column]<div class=\"vcex-spacing hidden-phone\" style=\"height:40px\"><\/div>[vc_separator border_width=&#8221;2&#8243; el_width=&#8221;60&#8243;]<div class=\"vcex-spacing hidden-phone\" style=\"height:40px\"><\/div>[\/vc_column][\/vc_row][\/vc_section][vc_section][vc_row gap=&#8221;30&#8243; remove_bottom_col_margin=&#8221;true&#8221;][vc_column width=&#8221;1\/2&#8243;][vc_column_text font_family=&#8221;Montserrat&#8221; font_size=&#8221;d:16|pp:12&#8243;]\n<h2 style=\"text-align: justify;\"><span style=\"color: #dd3333;\">Om l\u00e6reren<\/span><\/h2>\n<p>Hej, mit navn er Nina Maria Nielsen-Preda og jeg er indf\u00f8dt danskl\u00e6rer. Jeg er f\u00f8dt i Danmark og voksede op i en lille by t\u00e6t p\u00e5 K\u00f8benhavn. I 2010 f\u00e6rdiggjorde jeg en kandidatgrad i Sprogpsykologi p\u00e5 Det Humanistiske Fakultet ved K\u00f8benhavns Universitet. Allerede som ung var jeg meget optaget af fremmedsprog (italiensk, engelsk, tysk og fransk), eftersom mine for\u00e6ldre var undervisere i russisk, engelsk, psykologi og historie. Mellem 2010-2013 arbejdede jeg som danskl\u00e6rer p\u00e5 forskellige kendte skoler i K\u00f8benhavn. Desuden underviste jeg i italiensk, og jeg godt kunne lide at arbejde i et multikulturelt milj\u00f8.<\/p>\n<p>Perioden 2013 \u2013 2023 var en meget aktiv periode; jeg flyttede med min rum\u00e6nske mand til Bukarest i Rum\u00e6nien, jeg underviste i dansk p\u00e5 Danmarks Ambassade i Bukarest og samtidig l\u00e6rte jeg rum\u00e6nsk. I 2014 stiftede jeg, sammen med min mand, virksomheden VIKINGRO for at kunne tilbyde danskkurser til rum\u00e6nere og rum\u00e6nskkurser til danskere, b\u00e5de til b\u00f8rn og voksne. I 2017 flyttede vi til Bra\u015fov, en meget smuk by i hjertet af Transsylvanien, for at v\u00e6re t\u00e6ttere p\u00e5 naturen og for at l\u00e6re mere om de rum\u00e6nske traditioner.<\/p>\n<p>Mellem 2020 og 2023 flyttede vi tilbage til Danmark med vores b\u00f8rn, fordi vi ville l\u00e6re dem det danske sprog og de danske traditioner samt for at v\u00e6re sammen med den danske familie igen. Derudover savnede jeg min cykel i Danmark, de rene, velorganiserede og afm\u00e6rkede cykelstier, den klassiske mad (rugbr\u00f8d, laks, gr\u00f8d, de ber\u00f8mte sm\u00f8rrebr\u00f8d, den rolige atmosf\u00e6re p\u00e5 gaden og i samfundet, for ikke at tale om havet, som altid ligger t\u00e6t p\u00e5 byen.<\/p>\n<p>I 2023 vendte vi tilbage til Rum\u00e6nien, til Bra\u0219ov, for at forts\u00e6tte vores danskkurser til rum\u00e6nere og for at udvikle nye projekter og partnerskaber i Rum\u00e6nien indenfor uddannelsesomr\u00e5det, fordi der er et st\u00f8rre behov her sammenlignet med Danmark. Og for at v\u00e6re helt \u00e6rlig savnede jeg ogs\u00e5 det aktive og venlige samfund i Rum\u00e6nien, bjergene, naturen, det store udvalg af velsmagende mad, det solrige vejr og de specielle mennesker, som jeg m\u00f8dte her.<\/p>\n[\/vc_column_text]<div class=\"vcex-spacing\" style=\"height:30px\"><\/div><div class=\"vcex-spacing\" style=\"height:30px\"><\/div>[\/vc_column][vc_column width=&#8221;1\/2&#8243;]<div class=\"vcex-spacing hidden-phone\" style=\"height:40px\"><\/div><div class=\"vcex-spacing\" style=\"height:50px\"><\/div>[vc_single_image image=&#8221;1401&#8243; img_size=&#8221;large&#8221;][\/vc_column][\/vc_row][\/vc_section][vc_section][vc_row gap=&#8221;30&#8243; remove_bottom_col_margin=&#8221;true&#8221;][vc_column width=&#8221;1\/2&#8243;]<div class=\"vcex-spacing\" style=\"height:30px\"><\/div><div class=\"vcex-spacing\" style=\"height:30px\"><\/div>[vc_single_image image=&#8221;434&#8243;][\/vc_column][vc_column width=&#8221;1\/2&#8243;][vc_column_text font_family=&#8221;Montserrat&#8221; font_size=&#8221;d:16|pp:12&#8243;]\n<h2><span style=\"color: #dd3333;\">KURSUS BESKRIVELSE<\/span><\/h2>\n<p style=\"text-align: justify;\">Vi tilbyder danskkurser i sm\u00e5 grupper (3-5 kursister) og individuelle kurser, ONLINE eller I ET KLASSEV\u00c6RELSE. L\u00e6reren har erfaring med at undervise udl\u00e6ndinge i dansk p\u00e5 forskellige anerkendte danske sprogskoler. Nu underviser l\u00e6reren i dansk direkte fra rum\u00e6nsk! Danskl\u00e6reren taler flydende engelsk og rum\u00e6nsk og har lavet et undervisnings-materiale inspireret af de bedste danske l\u00e6reb\u00f8ger, naturligvis med en dansk\/rum\u00e6nsk ordliste tilf\u00f8jet.<\/p>\n<p>Kurset retter sig til alle og enhver uanset alder eller uddannelse, samt til b\u00f8rn fra 5 \u00e5r og opefter. Materialerne og undervisningsformen tager h\u00f8jde for kursistens specifikke alder og uddannelsesniveau. P\u00e5 de f\u00f8rste moduler fokuserer kurset mest p\u00e5 dialog og udtale, fordi det mundtlige sprog umiddelbart er sv\u00e6rere end p\u00e5 mange andre fremmedsprog. Samtidig st\u00f8ttes indl\u00e6ringen af lytning og l\u00e6sning med det m\u00e5l at forst\u00e5 det centrale budskab. Fokus er p\u00e5 ordforr\u00e5d, praktiske \u00f8velser og sprogstruktur.[\/vc_column_text][\/vc_column][\/vc_row][vc_row gap=&#8221;30&#8243; remove_bottom_col_margin=&#8221;true&#8221;][vc_column]<div class=\"vcex-spacing\" style=\"height:30px\"><\/div>[vc_column_text font_family=&#8221;Montserrat&#8221; font_size=&#8221;d:16|pp:12&#8243;]\n<p style=\"text-align: justify;\">Kurserne er interaktive, udfordrende og underholdende, hvilket f\u00e5r kursisterne til at slappe af og motiverer dem til at l\u00e6re dansk. Kursisten l\u00e6rer p\u00e5 begynderniveau at klare sig i hverdagen og at bruge nyttige udtryk og simple dialoger. P\u00e5 mellemniveau bliver kursisten i stand til at f\u00f8re en dagligdags samtale med en indf\u00f8dt dansker samt at udtrykke sin mening. P\u00e5 et avanceret niveau n\u00e6rmer kursisten sig et sprog, der minder om den indf\u00f8dte danskers og kan nu udtrykke sig stort set flydende i tale og skrift.<\/p>\n<p style=\"text-align: justify;\">Ved afslutningen af hvert modul gennemf\u00f8rer kursisten en test og modtager et kursusdiplom p\u00e5 dansk s\u00e5vel som p\u00e5 rum\u00e6nsk.<\/p>\n[\/vc_column_text][\/vc_column][\/vc_row][\/vc_section][vc_section][vc_row][vc_column][vc_empty_space height=&#8221;40px&#8221;][vc_text_separator title=&#8221;KURSUS MODULER&#8221; color=&#8221;custom&#8221; border_width=&#8221;2&#8243; el_width=&#8221;60&#8243; accent_color=&#8221;#dd3333&#8243;][vc_empty_space height=&#8221;40px&#8221;][vc_column_text]\n<p style=\"text-align: center;\"><span style=\"font-size: 18px;\">Den f\u00e6lles europ\u00e6iske referenceramme for sprog (CEFR) er en<br \/>\ninternational standard til at definere sprogf\u00e6rdigheder.<\/span><\/p>\n[\/vc_column_text][vc_btn title=&#8221;L\u00e6s mere her&#8221; color=&#8221;primary&#8221; align=&#8221;center&#8221; link=&#8221;url:https%3A%2F%2Feuropa.eu%2Feuropass%2Fen%2Fcommon-european-framework-reference-language-skills|title:CECRL|target:%20_blank|&#8221;][\/vc_column][\/vc_row][\/vc_section][vc_section][vc_row][vc_column][vc_single_image image=&#8221;2313&#8243; alignment=&#8221;center&#8221; onclick=&#8221;custom_link&#8221; img_link_target=&#8221;_blank&#8221; link=&#8221;https:\/\/europa.eu\/europass\/en\/common-european-framework-reference-language-skills&#8221;][\/vc_column][\/vc_row][\/vc_section][vc_section disable_element=&#8221;yes&#8221;][vc_row][vc_column][vc_empty_space height=&#8221;40px&#8221;][vc_text_separator title=&#8221;PRETURI CURS LIMBA DANEZA&#8221; color=&#8221;custom&#8221; border_width=&#8221;2&#8243; el_width=&#8221;60&#8243; accent_color=&#8221;#dd3333&#8243;][vc_empty_space height=&#8221;40px&#8221;][\/vc_column][\/vc_row][\/vc_section][vc_section full_width=&#8221;stretch_row_content&#8221; disable_element=&#8221;yes&#8221;][vc_row][vc_column width=&#8221;1\/3&#8243;]<div class=\"vcex-module vcex-icon-box clr vcex-icon-box-five hvr hvr-glow  vc_custom_1576419203560\"><div class=\"vcex-icon-box-icon\" style=\"color:#dd3333;font-size:32px;\"><span class=\"fa fa-user\"><\/span><\/div><h1 class=\"vcex-icon-box-heading\" style=\"font-family:Montserrat;font-weight:400;color:#dd3333;font-size:20px;\" >CURS INDIVIDUAL<\/h1><div class=\"vcex-icon-box-content clr\" ><p style=\"text-align: center\"><span style=\"font-family: montserrat;font-size: 20px\">1 cursant<br \/>\n115 Lei\/ ora<\/span><\/p>\n<\/div><\/div>[\/vc_column][vc_column width=&#8221;1\/3&#8243;]<div class=\"vcex-module vcex-icon-box clr vcex-icon-box-five hvr hvr-glow  vc_custom_1576419221281\"><div class=\"vcex-icon-box-icon\" style=\"color:#dd3333;font-size:32px;\"><span class=\"entypo-icon entypo-icon-users\"><\/span><\/div><h1 class=\"vcex-icon-box-heading\" style=\"font-family:Montserrat;font-weight:400;color:#dd3333;font-size:20px;\" >CURS IN CLASA<\/h1><div class=\"vcex-icon-box-content clr\" ><p style=\"text-align: center\"><span style=\"font-family: montserrat;font-size: 20px\">2 cursanti<br \/>\n70 Lei\/ ora\/ persoana<\/span><\/p>\n<\/div><\/div>[\/vc_column][vc_column width=&#8221;1\/3&#8243;]<div class=\"vcex-module vcex-icon-box clr vcex-icon-box-five hvr hvr-glow  vc_custom_1576419228719\"><div class=\"vcex-icon-box-icon\" style=\"color:#dd3333;font-size:32px;\"><span class=\"fa fa-users\"><\/span><\/div><h1 class=\"vcex-icon-box-heading\" style=\"font-family:Montserrat;font-weight:400;color:#dd3333;font-size:20px;\" >CURS IN CLASA<\/h1><div class=\"vcex-icon-box-content clr\" ><p style=\"text-align: center\"><span style=\"font-family: montserrat;font-size: 20px\">3-5 cursanti<br \/>\n55 Lei\/ ora\/ persoana<\/span><\/p>\n<\/div><\/div>[\/vc_column][\/vc_row][\/vc_section][vc_section disable_element=&#8221;yes&#8221;][vc_row][vc_column]<div class=\"vcex-module vcex-icon-box clr vcex-icon-box-five hvr hvr-glow  vc_custom_1576419237849\"><div class=\"vcex-icon-box-icon\" style=\"color:#dd3333;font-size:32px;\"><span class=\"entypo-icon entypo-icon-briefcase\"><\/span><\/div><h1 class=\"vcex-icon-box-heading\" style=\"font-family:Montserrat;font-weight:400;color:#dd3333;font-size:20px;\" >CURSURI PENTRU COMPANII SAU PROIECTE DE BUSINESS<\/h1><div class=\"vcex-icon-box-content clr\" ><p style=\"text-align: center\"><span style=\"font-family: montserrat;font-size: 20px\">Preturile si numarul de cursanti vor fi negociate dupa o intalnire<\/span><\/p>\n<\/div><\/div>[\/vc_column][\/vc_row][\/vc_section][vc_section][vc_row remove_bottom_col_margin=&#8221;true&#8221;][vc_column][vc_column_text font_family=&#8221;Montserrat&#8221; font_size=&#8221;d:18|pp:12&#8243;]\n<h2 style=\"text-align: center;\"><span style=\"color: #dd3333;\">TILMELDING &#8211; KURSUSDETALJER<\/span><\/h2>\n[\/vc_column_text][\/vc_column][\/vc_row][vc_row remove_bottom_col_margin=&#8221;true&#8221;][vc_column width=&#8221;1\/2&#8243;]<div class=\"vcex-spacing hidden-phone\" style=\"height:40px\"><\/div><div class=\"vcex-spacing visible-phone\" style=\"height:40px\"><\/div><h1 class=\"vcex-module vcex-heading vcex-heading-plain wpex-italic\" style=\"color:#000000;font-size:24px;text-align:left;\"><span class=\"vcex-heading-inner clr\">ORGANISERING:<\/span><\/h1>[\/vc_column][vc_column width=&#8221;1\/2&#8243;][\/vc_column][\/vc_row][vc_row remove_bottom_col_margin=&#8221;true&#8221;][vc_column][vc_column_text font_family=&#8221;Montserrat&#8221; font_size=&#8221;16&#8243;]\n<p style=\"text-align: justify;\">Kurserne afholdes hver m\u00e5ned eller efter foresp\u00f8rgsel, afh\u00e6ngigt af antallet af deltagere. Antallet af kursister i en klasse er minimum 3 og maksimum 5. Gruppekurset starter, s\u00e5 snart der er dannet en klasse p\u00e5 mindst 3 elever.<\/p>\n<p style=\"text-align: justify;\">Kurserne foreg\u00e5r 2 gange om ugen, 2 sessioner af 2 timers varighed.<\/p>\n<p style=\"text-align: justify;\">KLASSE kurser er suspenderede for tiden, fordi vi i \u00f8jeblikket flytter til et nyt kontor i Bra\u0219ov og muligvis ogs\u00e5 i Bukarest.<\/p>\n<p style=\"text-align: justify;\">Vi tilbyder <b>ONLINE<\/b> kurser for folk, som bor i andre byer eller lande, kurset undervises p\u00e5 en online platform, i grupper p\u00e5 3-5 kursister eller individuelt.<\/p>\n<p style=\"text-align: justify;\">For tilmelding og andre detaljer, v\u00e6r venlig at <b>KONTAKTE OS<\/b>.<\/p>\n[\/vc_column_text][\/vc_column][\/vc_row][\/vc_section][vc_section css=&#8221;.vc_custom_1526464020463{margin-top: 40px !important;}&#8221;][vc_row][vc_column]<div class=\"vcex-spacing\" style=\"height:40px\"><\/div>[vc_text_separator title=&#8221;KONTAKT&#8221; color=&#8221;custom&#8221; border_width=&#8221;2&#8243; el_width=&#8221;60&#8243; accent_color=&#8221;#dd3333&#8243;]<div class=\"vcex-spacing\" style=\"height:40px\"><\/div>[\/vc_column][\/vc_row][\/vc_section][vc_section][vc_row][vc_column width=&#8221;1\/2&#8243;][vc_btn title=&#8221;RING NU&#8221; align=&#8221;center&#8221; link=&#8221;url:tel%3A%2B40754595752|||&#8221;]<div class=\"vcex-module vcex-icon-box clr vcex-icon-box-four  vc_custom_1528719113297\"><div class=\"vcex-icon-box-icon\" style=\"color:#dd3333;font-size:32px;\"><span class=\"fa fa-phone\"><\/span><\/div><h2 class=\"vcex-icon-box-heading\" style=\"font-family:Montserrat;font-weight:400;color:#dd3333;font-size:32px;\" >Telefon<\/h2><div class=\"vcex-icon-box-content clr\" ><p><span style=\"font-family: montserrat;color: #dd3333;font-size: 20px\"><a href=\"tel:+40754595752\">(+40) 754 595 752<\/a> \/ <a href=\"tel:+4550193855\">(+45) 50 19 38 55<\/a><\/span><\/p>\n<\/div><\/div>[\/vc_column][vc_column width=&#8221;1\/2&#8243;][vc_btn title=&#8221;SEND EN EMAIL&#8221; align=&#8221;center&#8221; link=&#8221;url:mailto%3Avikingro.office%40gmail.com|||&#8221;]<div class=\"vcex-module vcex-icon-box clr vcex-icon-box-four  vc_custom_1523975095135\"><div class=\"vcex-icon-box-icon\" style=\"color:#dd3333;font-size:32px;\"><span class=\"fa fa-envelope\"><\/span><\/div><h2 class=\"vcex-icon-box-heading\" style=\"font-family:Montserrat;font-weight:400;color:#dd3333;font-size:32px;\" >E-mail<\/h2><div class=\"vcex-icon-box-content clr\" ><p><a href=\"mailto:vikingro.office@gmail.com\"><span style=\"font-family: montserrat;color: #dd3333;font-size: 20px\">vikingro.office@gmail.com<\/span><\/a><\/p>\n<\/div><\/div>[\/vc_column][\/vc_row][\/vc_section]\n","protected":false},"excerpt":{"rendered":"<p>[vc_section][vc_row remove_bottom_col_margin=&#8221;true&#8221;][vc_column][vc_separator border_width=&#8221;2&#8243; el_width=&#8221;60&#8243;][\/vc_column][\/vc_row][\/vc_section][vc_section][vc_row gap=&#8221;30&#8243; remove_bottom_col_margin=&#8221;true&#8221;][vc_column width=&#8221;1\/2&#8243;][vc_column_text font_family=&#8221;Montserrat&#8221; font_size=&#8221;d:16|pp:12&#8243;] Om l\u00e6reren Hej, mit navn er Nina Maria Nielsen-Preda og jeg er indf\u00f8dt danskl\u00e6rer. Jeg er f\u00f8dt i Danmark og voksede op i en lille by t\u00e6t p\u00e5 K\u00f8benhavn. I 2010&hellip;<\/p>\n","protected":false},"author":2,"featured_media":0,"parent":0,"menu_order":0,"comment_status":"closed","ping_status":"closed","template":"","meta":{"footnotes":""},"class_list":["post-2067","page","type-page","status-publish","hentry","entry","no-media"],"yoast_head":"<!-- This site is optimized with the Yoast SEO plugin v23.1 - https:\/\/yoast.com\/wordpress\/plugins\/seo\/ -->\n<title>DANSKKURSER til rum\u00e6nere - Limba Daneza<\/title>\n<meta name=\"robots\" content=\"index, follow, max-snippet:-1, max-image-preview:large, max-video-preview:-1\" \/>\n<link rel=\"canonical\" href=\"https:\/\/limbadaneza.ro\/da\/danskkurser-til-rumaenere\/\" \/>\n<meta property=\"og:locale\" content=\"da_DK\" \/>\n<meta property=\"og:type\" content=\"article\" \/>\n<meta property=\"og:title\" content=\"DANSKKURSER til rum\u00e6nere - Limba Daneza\" \/>\n<meta property=\"og:description\" content=\"[vc_section][vc_row remove_bottom_col_margin=&#8221;true&#8221;][vc_column][vc_separator border_width=&#8221;2&#8243; el_width=&#8221;60&#8243;][\/vc_column][\/vc_row][\/vc_section][vc_section][vc_row gap=&#8221;30&#8243; remove_bottom_col_margin=&#8221;true&#8221;][vc_column width=&#8221;1\/2&#8243;][vc_column_text font_family=&#8221;Montserrat&#8221; font_size=&#8221;d:16|pp:12&#8243;] Om l\u00e6reren Hej, mit navn er Nina Maria Nielsen-Preda og jeg er indf\u00f8dt danskl\u00e6rer. Jeg er f\u00f8dt i Danmark og voksede op i en lille by t\u00e6t p\u00e5 K\u00f8benhavn. I 2010&hellip;\" \/>\n<meta property=\"og:url\" content=\"https:\/\/limbadaneza.ro\/da\/danskkurser-til-rumaenere\/\" \/>\n<meta property=\"og:site_name\" content=\"Limba Daneza\" \/>\n<meta property=\"article:modified_time\" content=\"2024-04-07T16:41:59+00:00\" \/>\n<meta name=\"twitter:card\" content=\"summary_large_image\" \/>\n<meta name=\"twitter:label1\" content=\"Estimeret l\u00e6setid\" \/>\n\t<meta name=\"twitter:data1\" content=\"6 minutter\" \/>\n<script type=\"application\/ld+json\" class=\"yoast-schema-graph\">{\"@context\":\"https:\/\/schema.org\",\"@graph\":[{\"@type\":\"WebPage\",\"@id\":\"https:\/\/limbadaneza.ro\/da\/danskkurser-til-rumaenere\/\",\"url\":\"https:\/\/limbadaneza.ro\/da\/danskkurser-til-rumaenere\/\",\"name\":\"DANSKKURSER til rum\u00e6nere - Limba Daneza\",\"isPartOf\":{\"@id\":\"https:\/\/limbadaneza.ro\/#website\"},\"datePublished\":\"2023-12-21T21:04:37+00:00\",\"dateModified\":\"2024-04-07T16:41:59+00:00\",\"breadcrumb\":{\"@id\":\"https:\/\/limbadaneza.ro\/da\/danskkurser-til-rumaenere\/#breadcrumb\"},\"inLanguage\":\"da-DK\",\"potentialAction\":[{\"@type\":\"ReadAction\",\"target\":[\"https:\/\/limbadaneza.ro\/da\/danskkurser-til-rumaenere\/\"]}]},{\"@type\":\"BreadcrumbList\",\"@id\":\"https:\/\/limbadaneza.ro\/da\/danskkurser-til-rumaenere\/#breadcrumb\",\"itemListElement\":[{\"@type\":\"ListItem\",\"position\":1,\"name\":\"Home\",\"item\":\"https:\/\/limbadaneza.ro\/da\/\"},{\"@type\":\"ListItem\",\"position\":2,\"name\":\"DANSKKURSER til rum\u00e6nere\"}]},{\"@type\":\"WebSite\",\"@id\":\"https:\/\/limbadaneza.ro\/#website\",\"url\":\"https:\/\/limbadaneza.ro\/\",\"name\":\"Limba Daneza\",\"description\":\"Cursuri de limba daneza si traduceri\",\"publisher\":{\"@id\":\"https:\/\/limbadaneza.ro\/#organization\"},\"potentialAction\":[{\"@type\":\"SearchAction\",\"target\":{\"@type\":\"EntryPoint\",\"urlTemplate\":\"https:\/\/limbadaneza.ro\/?s={search_term_string}\"},\"query-input\":\"required name=search_term_string\"}],\"inLanguage\":\"da-DK\"},{\"@type\":\"Organization\",\"@id\":\"https:\/\/limbadaneza.ro\/#organization\",\"name\":\"Limba Daneza\",\"url\":\"https:\/\/limbadaneza.ro\/\",\"logo\":{\"@type\":\"ImageObject\",\"inLanguage\":\"da-DK\",\"@id\":\"https:\/\/limbadaneza.ro\/#\/schema\/logo\/image\/\",\"url\":\"https:\/\/limbadaneza.ro\/wp-content\/uploads\/2018\/04\/logo_vikingro1.png\",\"contentUrl\":\"https:\/\/limbadaneza.ro\/wp-content\/uploads\/2018\/04\/logo_vikingro1.png\",\"width\":4509,\"height\":1018,\"caption\":\"Limba Daneza\"},\"image\":{\"@id\":\"https:\/\/limbadaneza.ro\/#\/schema\/logo\/image\/\"}}]}<\/script>\n<!-- \/ Yoast SEO plugin. -->","yoast_head_json":{"title":"DANSKKURSER til rum\u00e6nere - Limba Daneza","robots":{"index":"index","follow":"follow","max-snippet":"max-snippet:-1","max-image-preview":"max-image-preview:large","max-video-preview":"max-video-preview:-1"},"canonical":"https:\/\/limbadaneza.ro\/da\/danskkurser-til-rumaenere\/","og_locale":"da_DK","og_type":"article","og_title":"DANSKKURSER til rum\u00e6nere - Limba Daneza","og_description":"[vc_section][vc_row remove_bottom_col_margin=&#8221;true&#8221;][vc_column][vc_separator border_width=&#8221;2&#8243; el_width=&#8221;60&#8243;][\/vc_column][\/vc_row][\/vc_section][vc_section][vc_row gap=&#8221;30&#8243; remove_bottom_col_margin=&#8221;true&#8221;][vc_column width=&#8221;1\/2&#8243;][vc_column_text font_family=&#8221;Montserrat&#8221; font_size=&#8221;d:16|pp:12&#8243;] Om l\u00e6reren Hej, mit navn er Nina Maria Nielsen-Preda og jeg er indf\u00f8dt danskl\u00e6rer. Jeg er f\u00f8dt i Danmark og voksede op i en lille by t\u00e6t p\u00e5 K\u00f8benhavn. I 2010&hellip;","og_url":"https:\/\/limbadaneza.ro\/da\/danskkurser-til-rumaenere\/","og_site_name":"Limba Daneza","article_modified_time":"2024-04-07T16:41:59+00:00","twitter_card":"summary_large_image","twitter_misc":{"Estimeret l\u00e6setid":"6 minutter"},"schema":{"@context":"https:\/\/schema.org","@graph":[{"@type":"WebPage","@id":"https:\/\/limbadaneza.ro\/da\/danskkurser-til-rumaenere\/","url":"https:\/\/limbadaneza.ro\/da\/danskkurser-til-rumaenere\/","name":"DANSKKURSER til rum\u00e6nere - Limba Daneza","isPartOf":{"@id":"https:\/\/limbadaneza.ro\/#website"},"datePublished":"2023-12-21T21:04:37+00:00","dateModified":"2024-04-07T16:41:59+00:00","breadcrumb":{"@id":"https:\/\/limbadaneza.ro\/da\/danskkurser-til-rumaenere\/#breadcrumb"},"inLanguage":"da-DK","potentialAction":[{"@type":"ReadAction","target":["https:\/\/limbadaneza.ro\/da\/danskkurser-til-rumaenere\/"]}]},{"@type":"BreadcrumbList","@id":"https:\/\/limbadaneza.ro\/da\/danskkurser-til-rumaenere\/#breadcrumb","itemListElement":[{"@type":"ListItem","position":1,"name":"Home","item":"https:\/\/limbadaneza.ro\/da\/"},{"@type":"ListItem","position":2,"name":"DANSKKURSER til rum\u00e6nere"}]},{"@type":"WebSite","@id":"https:\/\/limbadaneza.ro\/#website","url":"https:\/\/limbadaneza.ro\/","name":"Limba Daneza","description":"Cursuri de limba daneza si traduceri","publisher":{"@id":"https:\/\/limbadaneza.ro\/#organization"},"potentialAction":[{"@type":"SearchAction","target":{"@type":"EntryPoint","urlTemplate":"https:\/\/limbadaneza.ro\/?s={search_term_string}"},"query-input":"required name=search_term_string"}],"inLanguage":"da-DK"},{"@type":"Organization","@id":"https:\/\/limbadaneza.ro\/#organization","name":"Limba Daneza","url":"https:\/\/limbadaneza.ro\/","logo":{"@type":"ImageObject","inLanguage":"da-DK","@id":"https:\/\/limbadaneza.ro\/#\/schema\/logo\/image\/","url":"https:\/\/limbadaneza.ro\/wp-content\/uploads\/2018\/04\/logo_vikingro1.png","contentUrl":"https:\/\/limbadaneza.ro\/wp-content\/uploads\/2018\/04\/logo_vikingro1.png","width":4509,"height":1018,"caption":"Limba Daneza"},"image":{"@id":"https:\/\/limbadaneza.ro\/#\/schema\/logo\/image\/"}}]}},"_links":{"self":[{"href":"https:\/\/limbadaneza.ro\/da\/wp-json\/wp\/v2\/pages\/2067"}],"collection":[{"href":"https:\/\/limbadaneza.ro\/da\/wp-json\/wp\/v2\/pages"}],"about":[{"href":"https:\/\/limbadaneza.ro\/da\/wp-json\/wp\/v2\/types\/page"}],"author":[{"embeddable":true,"href":"https:\/\/limbadaneza.ro\/da\/wp-json\/wp\/v2\/users\/2"}],"replies":[{"embeddable":true,"href":"https:\/\/limbadaneza.ro\/da\/wp-json\/wp\/v2\/comments?post=2067"}],"version-history":[{"count":0,"href":"https:\/\/limbadaneza.ro\/da\/wp-json\/wp\/v2\/pages\/2067\/revisions"}],"wp:attachment":[{"href":"https:\/\/limbadaneza.ro\/da\/wp-json\/wp\/v2\/media?parent=2067"}],"curies":[{"name":"wp","href":"https:\/\/api.w.org\/{rel}","templated":true}]}}