{"id":2059,"date":"2023-12-21T20:37:03","date_gmt":"2023-12-21T20:37:03","guid":{"rendered":"https:\/\/limbadaneza.ro\/da\/?page_id=2059"},"modified":"2023-12-21T21:26:21","modified_gmt":"2023-12-21T21:26:21","slug":"vilkaar-og-betingelser","status":"publish","type":"page","link":"https:\/\/limbadaneza.ro\/da\/vilkaar-og-betingelser\/","title":{"rendered":"Vilk\u00e5r og Betingelser"},"content":{"rendered":"[vc_row column_spacing=&#8221;0px&#8221; css=&#8221;.vc_custom_1611250122086{margin-top: 40px !important;}&#8221;][vc_column]<h1 class=\"vcex-module vcex-heading vcex-heading-plain\" style=\"font-weight:700;\"><span class=\"vcex-heading-inner clr\">Vilk\u00e5r og Betingelser<\/span><\/h1><div class=\"vcex-spacing\" style=\"height:30px\"><\/div>[vc_column_text]Velkommen til vores hjemmeside, www.limbadaneza.ro. Hvis du forts\u00e6tter med at gennemse og bruge denne hjemmeside, accepterer du at overholde og v\u00e6re bundet af f\u00f8lgende vilk\u00e5r og betingelser for brug, som sammen med vores privatlivspolitik regulerer Vikingro Development Services S.R.L&#8217;s forhold til dig vedr\u00f8rende denne hjemmeside.<\/p>\n<p>Ben\u00e6vnelsen &#8220;Vikingro Development Services&#8221;, virksomheden eller &#8220;udbyderen&#8221; refererer til ejeren af webstedet, det kommercielle selskab Vikingro Development Services S.R.L., et selskab med hjemsted i Bra\u0219ov kommune, Str. Branduselor nr. 68-70, et. 2, lejlighed C1-U5, kontor nr. 26, C.U.I. 32987695, registreret under reg. Com. under nr.: J8\/72\/2018.<\/p>\n<p>Ben\u00e6vnelsen &#8220;din&#8221; henviser til brugeren eller bes\u00f8gende p\u00e5 vores hjemmeside.<\/p>\n<p>Brug af denne hjemmeside er underlagt f\u00f8lgende brugsbetingelser:<\/p>\n<p>Indholdet af siderne p\u00e5 dette websted er kun til generel information og brug. Der tages forbehold for \u00e6ndringer uden forudg\u00e5ende varsel.<\/p>\n<p>Hverken vi eller nogen tredjeparter giver nogen garanti med hensyn til n\u00f8jagtighed, aktualitet, ydeevne, fuldst\u00e6ndighed eller egnethed af de oplysninger og materialer, der findes eller tilbydes p\u00e5 denne hjemmeside til et bestemt form\u00e5l. De offentliggjorte oplysninger og materialer kan indeholde un\u00f8jagtigheder eller fejl, og vi fraskriver os udtrykkeligt ansvar for s\u00e5danne un\u00f8jagtigheder eller fejl i det videst tilladte omfang af loven.<\/p>\n<p>Din brug af enhver information eller materiale p\u00e5 denne hjemmeside er helt p\u00e5 eget ansvar, og det er vi ikke ansvarlige for. Det vil v\u00e6re dit ansvar at sikre, at alle produkter, tjenester eller informationer, der er tilg\u00e6ngelige via denne hjemmeside, opfylder dine specifikke \u00f8nsker.<\/p>\n<p>Denne hjemmeside indeholder materiale, der tilh\u00f8rer os eller er licenseret af os. Dette materiale inkluderer, men er ikke begr\u00e6nset til, design og grafik. Gengivelse er forbudt undtagen i overensstemmelse med copyright, som er en del af disse vilk\u00e5r og betingelser.<\/p>\n<p>Alle kommercielle dele af hjemmeside, som ikke er ejet af operat\u00f8ren, er alle anerkendte p\u00e5 hjemmesiden.<\/p>\n<p>Uautoriseret brug af denne hjemmeside kan give anledning til et erstatningskrav og\/eller straf.<\/p>\n<p>Fra tid til anden kan denne hjemmeside ogs\u00e5 indeholde links til andre hjemmesider. Disse links er tilvejebragt for din bekvemmelighed for at give dig yderligere oplysninger. Dette betyder ikke, at vi st\u00f8tter hjemmesiderne. Vi har intet ansvar for indholdet af de links du finder p\u00e5 vores hjemmeside.<\/p>\n<p>Du m\u00e5 ikke oprette et link til denne hjemmeside fra en anden hjemmeside eller et andet dokument uden forudg\u00e5ende skriftligt samtykke fra Vikingro Development Services S.R.L.<\/p>\n<p>&nbsp;<\/p>\n<p><span style=\"font-size: 18px; font-family: 'times new roman', times;\"><strong>1. Definitioner<\/strong><\/span><br \/>\nVikingro Development Services S.R.L. virksomhed med hjemsted i Bra\u0219ov kommune, Str. Branduselor nr. 68-70, et. 2, lejlighed C1-U5, kontor nr. 26, C.U.I. 32987695, registreret under reg. Com. under nr.: J8\/72\/2018.<\/p>\n<p>&#8220;Kunde&#8221; \/ &#8220;Kursist&#8221; refererer til den fysiske eller juridiske person, der bruger de tjenester, som virksomheden tilbyder i overensstemmelse med vilk\u00e5rene og betingelserne i denne aftale.<\/p>\n<p><span style=\"font-size: 18px; font-family: 'times new roman', times;\"><strong>2. Accept af vilk\u00e5r og betingelser<\/strong><\/span><br \/>\nVed at tilg\u00e5 og bruge vores tjenester, accepterer kunden implicit alle vilk\u00e5r og betingelser i denne aftale.<\/p>\n<p><span style=\"font-family: 'times new roman', times;\"><strong><span style=\"font-size: 18px;\">3. Udbudte tjenester<\/span><\/strong><\/span><br \/>\nVikingro Development Services SRL tilbyder online kurser og fysiske kurser i dansk og rum\u00e6nsk, i hovedkvarteret eller hos kunden, sommerkurser\/turistassistance, herunder, men ikke begr\u00e6nset til. De specifikke detaljer om tjenesterne, s\u00e5vel som de tilh\u00f8rende gebyrer, vil blive fastlagt i separate aftaler eller kontrakter.<\/p>\n<p><span style=\"font-size: 18px; font-family: 'times new roman', times;\"><strong>4. Betaling og fakturering<\/strong><\/span><br \/>\nPriserne for vores ydelser varierer afh\u00e6ngigt af pakken og ydelserne valgt af kunden. Betaling sker kun ved bankoverf\u00f8rsel baseret p\u00e5 den af virksomheden udstedte faktura, betaling kan ske i 2 eller flere lige store rater. Fuldst\u00e6ndige detaljer om omkostninger, vilk\u00e5r og betalingsm\u00e5der, fakturering osv. vil blive specificeret i de specifikke kontrakter.<\/p>\n<p><span style=\"font-size: 18px; font-family: 'times new roman', times;\"><strong>5. Privatliv og databeskyttelse<\/strong><\/span><br \/>\nVikingro Development Services SRL respekterer fortroligheden af kundedata og registrerede personer. Vores privatlivspolitik er en integreret del af denne aftale, som i detaljer beskriver, hvordan vi behandler og beskytter persondata.<\/p>\n<p><span style=\"font-size: 18px; font-family: 'times new roman', times;\"><strong>6. Ophavsret og intellektuel ejendomsret<\/strong><\/span><br \/>\nAlle ophavsretlige og intellektuelle ejendomsrettigheder til indholdet, der er skabt og leveret af Vikingro Development Services SRL i vores tjenester, inklusiv, men ikke begr\u00e6nset til, tekster, billeder, grafik, software, varem\u00e6rker og andet materiale, ejes udelukkende af virksomheden, medmindre andet er angivet af kontrakten eller tilh\u00f8rende bilag.<\/p>\n<p>Uautoriseret brug eller reproduktion af disse materialer er forbudt. Enhver uautoriseret brug udg\u00f8r forfalskning og p\u00e5drages den skyldige persons ansvar i henhold til lovbestemmelserne.<\/p>\n<p>Kopiering, reproduktion, genskabelse, distribution, publicering, visning, \u00e6ndring, skabelse af komponenter eller komplette afledte produkter eller tjenester er forbudt, s\u00e5vel som enhver m\u00e5de at udnytte indholdet af webstedet www.limbadaneza.ro p\u00e5 er forbudt. Materiale modtaget af udbyder m\u00e5 kun vises p\u00e5 sk\u00e6rmen af en personlig computer, udskrives eller downloades til personligt brug og til ikke-kommercielle formal.<\/p>\n<p><span style=\"font-size: 18px; font-family: 'times new roman', times;\"><strong>7. Opsigelse<\/strong><\/span><br \/>\nKunden kan opsige kontrakten eller aftalen med virksomheden i henhold til bestemmelserne angivet i kontrakten \/ s\u00e6rskilt aftale indg\u00e5et mellem parterne. Virksomheden forbeholder sig retten til at h\u00e6ve kontrakten, hvis kunden ikke overholder vilk\u00e5rene og betingelserne i denne kontrakt\/aftale.<\/p>\n<p><span style=\"font-size: 18px; font-family: 'times new roman', times;\"><strong>8. \u00c6ndringer af vilk\u00e5r og betingelser<\/strong><\/span><br \/>\nVikingro Development Services SRL forbeholder sig retten til at \u00e6ndre eller opdatere vilk\u00e5rene og betingelserne i kontrakten\/aftalen til enhver tid. Kunden vil blive underrettet om eventuelle \u00e6ndringer og vil have mulighed for at acceptere eller afvise de nye vilk\u00e5r. Brug af tjenesterne, efter at \u00e6ndringerne tr\u00e6der i kraft, udg\u00f8r din accept af dem.<\/p>\n<p><span style=\"font-size: 18px; font-family: 'times new roman', times;\"><strong>9. Ansvarsbegr\u00e6nsninger<\/strong><\/span><br \/>\nVirksomheden kan ikke holdes ansvarlig for tab eller skade, som kunden har lidt som f\u00f8lge af brugen af vores tjenester. Vores ansvar skal under ingen omst\u00e6ndigheder overstige det bel\u00f8b, kunden har betalt for s\u00e5danne tjenester.<\/p>\n<p><span style=\"font-size: 18px; font-family: 'times new roman', times;\"><strong>10. G\u00e6ldende lov og jurisdiktion<\/strong><\/span><br \/>\nDenne aftale er underlagt og vil blive fortolket i overensstemmelse med rum\u00e6nsk lov. Alle tvister eller retssager, der opst\u00e5r som f\u00f8lge af eller relateret til denne aftale, er underlagt de kompetente domstole i Rum\u00e6niens jurisdiktion.<\/p>\n<p><span style=\"font-size: 18px; font-family: 'times new roman', times;\"><strong>11. Kontakt<\/strong><\/span><br \/>\n<span style=\"font-family: 'times new roman', times; font-size: 16px;\">For sp\u00f8rgsm\u00e5l eller afklaringer vedr\u00f8rende disse vilk\u00e5r og betingelser, bedes du kontakte os p\u00e5 e-mailadressen: vikingro.office@gmail.com<\/span>[\/vc_column_text]<div class=\"vcex-spacing\" style=\"height:30px\"><\/div>[\/vc_column][\/vc_row][vc_section disable_element=&#8221;yes&#8221;][vc_row full_width=&#8221;stretch_row_content_no_spaces&#8221;][vc_column][vc_column_text]<div id=\"wpgmza_map\" class=\"wpgmza_map\" data-settings='{\"id\":\"1\",\"map_title\":\"My first map\",\"map_width\":\"100\",\"map_height\":\"600\",\"map_start_lat\":\"45.645054\",\"map_start_lng\":\"25.628044\",\"map_start_location\":\"45.6450543,25.62804410000001\",\"map_start_zoom\":\"17\",\"default_marker\":\"0\",\"type\":\"1\",\"alignment\":\"2\",\"directions_enabled\":\"1\",\"styling_enabled\":\"0\",\"styling_json\":\"\",\"active\":\"0\",\"kml\":\"\",\"bicycle\":\"0\",\"traffic\":\"0\",\"dbox\":\"1\",\"dbox_width\":\"100\",\"listmarkers\":\"0\",\"listmarkers_advanced\":\"0\",\"filterbycat\":\"0\",\"ugm_enabled\":\"0\",\"ugm_category_enabled\":\"0\",\"fusion\":\"\",\"map_width_type\":\"\\\\%\",\"map_height_type\":\"px\",\"mass_marker_support\":\"1\",\"ugm_access\":\"0\",\"order_markers_by\":\"1\",\"order_markers_choice\":\"2\",\"show_user_location\":\"0\",\"default_to\":\"\",\"other_settings\":{\"store_locator_enabled\":2,\"store_locator_distance\":2,\"store_locator_default_radius\":\"10\",\"store_locator_not_found_message\":\"No results found in this location. Please try again.\",\"store_locator_bounce\":1,\"store_locator_query_string\":\"Cod po\\u0219tal \\\/ Adres\\u0103:\",\"store_locator_default_address\":\"\",\"wpgmza_store_locator_restrict\":\"\",\"store_locator_style\":\"modern\",\"wpgmza_store_locator_radius_style\":\"modern\",\"map_max_zoom\":\"1\",\"transport_layer\":0,\"wpgmza_theme_data\":\"[ \\\\\\\"visibility\\\\\\\", \\\\\\\"invert_lightness\\\\\\\", \\\\\\\"color\\\\\\\", \\\\\\\"weight\\\\\\\", \\\\\\\"hue\\\\\\\", \\\\\\\"saturation\\\\\\\", \\\\\\\"lightness\\\\\\\", \\\\\\\"gamma\\\\\\\"]\",\"wpgmza_theme_selection\":0,\"wpgmza_show_points_of_interest\":1}}' data-map-id='1' Data-maps-engine='' data-shortcode-attributes='{\"id\":\"1\"}' style=\"display:block; overflow:auto; width:100%; height:600px; float:left;\"><\/div>[\/vc_column_text][vc_column_text font_family=&#8221;Montserrat&#8221; font_size=&#8221;14&#8243;]<div id=\"wpgmza_map\" class=\"wpgmza_map\" data-settings='{\"id\":\"1\",\"map_title\":\"My first map\",\"map_width\":\"100\",\"map_height\":\"600\",\"map_start_lat\":\"45.645054\",\"map_start_lng\":\"25.628044\",\"map_start_location\":\"45.6450543,25.62804410000001\",\"map_start_zoom\":\"17\",\"default_marker\":\"0\",\"type\":\"1\",\"alignment\":\"2\",\"directions_enabled\":\"1\",\"styling_enabled\":\"0\",\"styling_json\":\"\",\"active\":\"0\",\"kml\":\"\",\"bicycle\":\"0\",\"traffic\":\"0\",\"dbox\":\"1\",\"dbox_width\":\"100\",\"listmarkers\":\"0\",\"listmarkers_advanced\":\"0\",\"filterbycat\":\"0\",\"ugm_enabled\":\"0\",\"ugm_category_enabled\":\"0\",\"fusion\":\"\",\"map_width_type\":\"\\\\%\",\"map_height_type\":\"px\",\"mass_marker_support\":\"1\",\"ugm_access\":\"0\",\"order_markers_by\":\"1\",\"order_markers_choice\":\"2\",\"show_user_location\":\"0\",\"default_to\":\"\",\"other_settings\":{\"store_locator_enabled\":2,\"store_locator_distance\":2,\"store_locator_default_radius\":\"10\",\"store_locator_not_found_message\":\"No results found in this location. Please try again.\",\"store_locator_bounce\":1,\"store_locator_query_string\":\"Cod po\\u0219tal \\\/ Adres\\u0103:\",\"store_locator_default_address\":\"\",\"wpgmza_store_locator_restrict\":\"\",\"store_locator_style\":\"modern\",\"wpgmza_store_locator_radius_style\":\"modern\",\"map_max_zoom\":\"1\",\"transport_layer\":0,\"wpgmza_theme_data\":\"[ \\\\\\\"visibility\\\\\\\", \\\\\\\"invert_lightness\\\\\\\", \\\\\\\"color\\\\\\\", \\\\\\\"weight\\\\\\\", \\\\\\\"hue\\\\\\\", \\\\\\\"saturation\\\\\\\", \\\\\\\"lightness\\\\\\\", \\\\\\\"gamma\\\\\\\"]\",\"wpgmza_theme_selection\":0,\"wpgmza_show_points_of_interest\":1}}' data-map-id='1' Data-maps-engine='' data-shortcode-attributes='{\"id\":\"1\"}' style=\"display:block; overflow:auto; width:100%; height:600px; float:left;\"><\/div>[\/vc_column_text][\/vc_column][\/vc_row][\/vc_section]\n","protected":false},"excerpt":{"rendered":"<p>[vc_row column_spacing=&#8221;0px&#8221; css=&#8221;.vc_custom_1611250122086{margin-top: 40px !important;}&#8221;][vc_column][vc_column_text]Velkommen til vores hjemmeside, www.limbadaneza.ro. Hvis du forts\u00e6tter med at gennemse og bruge denne hjemmeside, accepterer du at overholde og v\u00e6re bundet af f\u00f8lgende vilk\u00e5r og betingelser for brug, som sammen med vores privatlivspolitik regulerer Vikingro&hellip;<\/p>\n","protected":false},"author":2,"featured_media":0,"parent":0,"menu_order":0,"comment_status":"closed","ping_status":"closed","template":"","meta":{"footnotes":""},"class_list":["post-2059","page","type-page","status-publish","hentry","entry","no-media"],"yoast_head":"<!-- This site is optimized with the Yoast SEO plugin v23.1 - https:\/\/yoast.com\/wordpress\/plugins\/seo\/ -->\n<title>Vilk\u00e5r og Betingelser - Limba Daneza<\/title>\n<meta name=\"robots\" content=\"index, follow, max-snippet:-1, max-image-preview:large, max-video-preview:-1\" \/>\n<link rel=\"canonical\" href=\"https:\/\/limbadaneza.ro\/da\/vilkaar-og-betingelser\/\" \/>\n<meta property=\"og:locale\" content=\"da_DK\" \/>\n<meta property=\"og:type\" content=\"article\" \/>\n<meta property=\"og:title\" content=\"Vilk\u00e5r og Betingelser - Limba Daneza\" \/>\n<meta property=\"og:description\" content=\"[vc_row column_spacing=&#8221;0px&#8221; css=&#8221;.vc_custom_1611250122086{margin-top: 40px !important;}&#8221;][vc_column][vc_column_text]Velkommen til vores hjemmeside, www.limbadaneza.ro. Hvis du forts\u00e6tter med at gennemse og bruge denne hjemmeside, accepterer du at overholde og v\u00e6re bundet af f\u00f8lgende vilk\u00e5r og betingelser for brug, som sammen med vores privatlivspolitik regulerer Vikingro&hellip;\" \/>\n<meta property=\"og:url\" content=\"https:\/\/limbadaneza.ro\/da\/vilkaar-og-betingelser\/\" \/>\n<meta property=\"og:site_name\" content=\"Limba Daneza\" \/>\n<meta property=\"article:modified_time\" content=\"2023-12-21T21:26:21+00:00\" \/>\n<meta name=\"twitter:card\" content=\"summary_large_image\" \/>\n<meta name=\"twitter:label1\" content=\"Estimeret l\u00e6setid\" \/>\n\t<meta name=\"twitter:data1\" content=\"6 minutter\" \/>\n<script type=\"application\/ld+json\" class=\"yoast-schema-graph\">{\"@context\":\"https:\/\/schema.org\",\"@graph\":[{\"@type\":\"WebPage\",\"@id\":\"https:\/\/limbadaneza.ro\/da\/vilkaar-og-betingelser\/\",\"url\":\"https:\/\/limbadaneza.ro\/da\/vilkaar-og-betingelser\/\",\"name\":\"Vilk\u00e5r og Betingelser - Limba Daneza\",\"isPartOf\":{\"@id\":\"https:\/\/limbadaneza.ro\/#website\"},\"datePublished\":\"2023-12-21T20:37:03+00:00\",\"dateModified\":\"2023-12-21T21:26:21+00:00\",\"breadcrumb\":{\"@id\":\"https:\/\/limbadaneza.ro\/da\/vilkaar-og-betingelser\/#breadcrumb\"},\"inLanguage\":\"da-DK\",\"potentialAction\":[{\"@type\":\"ReadAction\",\"target\":[\"https:\/\/limbadaneza.ro\/da\/vilkaar-og-betingelser\/\"]}]},{\"@type\":\"BreadcrumbList\",\"@id\":\"https:\/\/limbadaneza.ro\/da\/vilkaar-og-betingelser\/#breadcrumb\",\"itemListElement\":[{\"@type\":\"ListItem\",\"position\":1,\"name\":\"Home\",\"item\":\"https:\/\/limbadaneza.ro\/da\/\"},{\"@type\":\"ListItem\",\"position\":2,\"name\":\"Vilk\u00e5r og Betingelser\"}]},{\"@type\":\"WebSite\",\"@id\":\"https:\/\/limbadaneza.ro\/#website\",\"url\":\"https:\/\/limbadaneza.ro\/\",\"name\":\"Limba Daneza\",\"description\":\"Cursuri de limba daneza si traduceri\",\"publisher\":{\"@id\":\"https:\/\/limbadaneza.ro\/#organization\"},\"potentialAction\":[{\"@type\":\"SearchAction\",\"target\":{\"@type\":\"EntryPoint\",\"urlTemplate\":\"https:\/\/limbadaneza.ro\/?s={search_term_string}\"},\"query-input\":\"required name=search_term_string\"}],\"inLanguage\":\"da-DK\"},{\"@type\":\"Organization\",\"@id\":\"https:\/\/limbadaneza.ro\/#organization\",\"name\":\"Limba Daneza\",\"url\":\"https:\/\/limbadaneza.ro\/\",\"logo\":{\"@type\":\"ImageObject\",\"inLanguage\":\"da-DK\",\"@id\":\"https:\/\/limbadaneza.ro\/#\/schema\/logo\/image\/\",\"url\":\"https:\/\/limbadaneza.ro\/wp-content\/uploads\/2018\/04\/logo_vikingro1.png\",\"contentUrl\":\"https:\/\/limbadaneza.ro\/wp-content\/uploads\/2018\/04\/logo_vikingro1.png\",\"width\":4509,\"height\":1018,\"caption\":\"Limba Daneza\"},\"image\":{\"@id\":\"https:\/\/limbadaneza.ro\/#\/schema\/logo\/image\/\"}}]}<\/script>\n<!-- \/ Yoast SEO plugin. -->","yoast_head_json":{"title":"Vilk\u00e5r og Betingelser - Limba Daneza","robots":{"index":"index","follow":"follow","max-snippet":"max-snippet:-1","max-image-preview":"max-image-preview:large","max-video-preview":"max-video-preview:-1"},"canonical":"https:\/\/limbadaneza.ro\/da\/vilkaar-og-betingelser\/","og_locale":"da_DK","og_type":"article","og_title":"Vilk\u00e5r og Betingelser - Limba Daneza","og_description":"[vc_row column_spacing=&#8221;0px&#8221; css=&#8221;.vc_custom_1611250122086{margin-top: 40px !important;}&#8221;][vc_column][vc_column_text]Velkommen til vores hjemmeside, www.limbadaneza.ro. Hvis du forts\u00e6tter med at gennemse og bruge denne hjemmeside, accepterer du at overholde og v\u00e6re bundet af f\u00f8lgende vilk\u00e5r og betingelser for brug, som sammen med vores privatlivspolitik regulerer Vikingro&hellip;","og_url":"https:\/\/limbadaneza.ro\/da\/vilkaar-og-betingelser\/","og_site_name":"Limba Daneza","article_modified_time":"2023-12-21T21:26:21+00:00","twitter_card":"summary_large_image","twitter_misc":{"Estimeret l\u00e6setid":"6 minutter"},"schema":{"@context":"https:\/\/schema.org","@graph":[{"@type":"WebPage","@id":"https:\/\/limbadaneza.ro\/da\/vilkaar-og-betingelser\/","url":"https:\/\/limbadaneza.ro\/da\/vilkaar-og-betingelser\/","name":"Vilk\u00e5r og Betingelser - Limba Daneza","isPartOf":{"@id":"https:\/\/limbadaneza.ro\/#website"},"datePublished":"2023-12-21T20:37:03+00:00","dateModified":"2023-12-21T21:26:21+00:00","breadcrumb":{"@id":"https:\/\/limbadaneza.ro\/da\/vilkaar-og-betingelser\/#breadcrumb"},"inLanguage":"da-DK","potentialAction":[{"@type":"ReadAction","target":["https:\/\/limbadaneza.ro\/da\/vilkaar-og-betingelser\/"]}]},{"@type":"BreadcrumbList","@id":"https:\/\/limbadaneza.ro\/da\/vilkaar-og-betingelser\/#breadcrumb","itemListElement":[{"@type":"ListItem","position":1,"name":"Home","item":"https:\/\/limbadaneza.ro\/da\/"},{"@type":"ListItem","position":2,"name":"Vilk\u00e5r og Betingelser"}]},{"@type":"WebSite","@id":"https:\/\/limbadaneza.ro\/#website","url":"https:\/\/limbadaneza.ro\/","name":"Limba Daneza","description":"Cursuri de limba daneza si traduceri","publisher":{"@id":"https:\/\/limbadaneza.ro\/#organization"},"potentialAction":[{"@type":"SearchAction","target":{"@type":"EntryPoint","urlTemplate":"https:\/\/limbadaneza.ro\/?s={search_term_string}"},"query-input":"required name=search_term_string"}],"inLanguage":"da-DK"},{"@type":"Organization","@id":"https:\/\/limbadaneza.ro\/#organization","name":"Limba Daneza","url":"https:\/\/limbadaneza.ro\/","logo":{"@type":"ImageObject","inLanguage":"da-DK","@id":"https:\/\/limbadaneza.ro\/#\/schema\/logo\/image\/","url":"https:\/\/limbadaneza.ro\/wp-content\/uploads\/2018\/04\/logo_vikingro1.png","contentUrl":"https:\/\/limbadaneza.ro\/wp-content\/uploads\/2018\/04\/logo_vikingro1.png","width":4509,"height":1018,"caption":"Limba Daneza"},"image":{"@id":"https:\/\/limbadaneza.ro\/#\/schema\/logo\/image\/"}}]}},"_links":{"self":[{"href":"https:\/\/limbadaneza.ro\/da\/wp-json\/wp\/v2\/pages\/2059"}],"collection":[{"href":"https:\/\/limbadaneza.ro\/da\/wp-json\/wp\/v2\/pages"}],"about":[{"href":"https:\/\/limbadaneza.ro\/da\/wp-json\/wp\/v2\/types\/page"}],"author":[{"embeddable":true,"href":"https:\/\/limbadaneza.ro\/da\/wp-json\/wp\/v2\/users\/2"}],"replies":[{"embeddable":true,"href":"https:\/\/limbadaneza.ro\/da\/wp-json\/wp\/v2\/comments?post=2059"}],"version-history":[{"count":0,"href":"https:\/\/limbadaneza.ro\/da\/wp-json\/wp\/v2\/pages\/2059\/revisions"}],"wp:attachment":[{"href":"https:\/\/limbadaneza.ro\/da\/wp-json\/wp\/v2\/media?parent=2059"}],"curies":[{"name":"wp","href":"https:\/\/api.w.org\/{rel}","templated":true}]}}