{"id":1937,"date":"2023-12-16T18:07:58","date_gmt":"2023-12-16T18:07:58","guid":{"rendered":"https:\/\/limbadaneza.ro\/da\/?page_id=1937"},"modified":"2023-12-22T22:04:35","modified_gmt":"2023-12-22T22:04:35","slug":"anmeldelser","status":"publish","type":"page","link":"https:\/\/limbadaneza.ro\/da\/anmeldelser\/","title":{"rendered":"ANMELDELSER"},"content":{"rendered":"[vc_row css=&#8221;.vc_custom_1443988960470{padding-top: 50px !important;padding-bottom: 30px !important;}&#8221;][vc_column]<h1 class=\"vcex-module vcex-heading vcex-heading-plain vc_custom_1702749068082 wpex-rcss wpex-69e75fc60dd12\" data-wpex-rcss='{\"font-size\":{\"d\":\"30px\",\"tp\":\"20px\",\"pl\":\"20px\",\"pp\":\"20px\"}}' data-wpex-uniqid='.wpex-69e75fc60dd12' style=\"font-weight:700;text-align:center;\"><span class=\"vcex-heading-inner clr\">VORES KUNDERS MENING<\/span><\/h1><div class=\"vcex-module vcex-divider vcex-divider-solid\" style=\"width:60px;border-top-width:3px;border-color:#dd3333;\"><\/div>[\/vc_column][\/vc_row][vc_section][vc_row][vc_column width=&#8221;1\/2&#8243;][vc_column_text]Jeg startede med det danske sprog fra et absolut nul, og jeg er overrasket over, hvor meget jeg n\u00e5ede at l\u00e6re i l\u00f8bet af de f\u00f8rste 2 moduler. Nu forst\u00e5r jeg dansk p\u00e5 et samtaleniveau, som er et meget sv\u00e6rt sprog for en rum\u00e6ner, og det er jeg meget glad for.<\/p>\n<p><strong><i>Regnskabschef, Rum\u00e6nien<\/i><\/strong><\/p>\n<p>&nbsp;<\/p>\n<p>Jeg deltog i et online gruppekursus. Alle omkring mig fortalte, hvor sv\u00e6rt det er at l\u00e6re, men efter et modul med l\u00e6rer Nina Maria kan jeg sige, at jeg virkelig gerne vil l\u00e6re dansk, fordi alt gik fra umuligt til muligt.<\/p>\n<p>Det er ekstraordin\u00e6rt, at l\u00e6reren kender det rum\u00e6nske sprog s\u00e5 godt, det hj\u00e6lper dig til at l\u00e6re udtale og forst\u00e5 grammatikreglerne.<\/p>\n<p>Jeg anbefaler p\u00e5 det varmeste Vikingro Team!<\/p>\n<p><strong><i>Politibetjent, Rum\u00e6nien<\/i><\/strong><\/p>\n<p>&nbsp;<\/p>\n<p>Jeg pr\u00f8vede at l\u00e6re dansk p\u00e5 to af de offentlige sprogskoler i Danmark, men jeg havde ikke kemi med nogen l\u00e6rer, som jeg havde med Nina. L\u00e6ringsstilen er meget professionel, og l\u00e6reren er meget opm\u00e6rksom p\u00e5 elevernes \u00f8nsker og l\u00e6ringstempo samt tilpasser sig hver enkelt kursist.<\/p>\n<p><strong><i>Programm\u00f8r, Danmark<\/i><\/strong>[\/vc_column_text][\/vc_column][vc_column width=&#8221;1\/2&#8243;][vc_single_image image=&#8221;1241&#8243; img_size=&#8221;large&#8221; alignment=&#8221;center&#8221;]<div class=\"vcex-post-media clr\"><\/div>[\/vc_column][\/vc_row][\/vc_section][vc_section][vc_row][vc_column width=&#8221;1\/2&#8243;]<div class=\"vcex-spacing\" style=\"height:60px\"><\/div><div class=\"vcex-spacing\" style=\"height:60px\"><\/div>[vc_column_text]L\u00e6reren fortjener den h\u00f8jeste karakter, fordi hun giver en masse nyttig information og er ekstremt t\u00e5lmodig. Selv n\u00e5r jeg tog fejl, hjalp hun mig med at opdage mine mangler effektivt og f\u00e5 tillid til mig selv og forts\u00e6tte med at l\u00e6re dansk med entusiasme. Hun f\u00e5r det danske sprog til at virke nemt og attraktivt, fordi hun underviser p\u00e5 en organiseret m\u00e5de, afslappet og det er en yderst brugbar metode til at l\u00e6re et nyt fremmedsprog. Det at jeg kunne l\u00e6re dansk ONLINE, var ogs\u00e5 meget nyttigt for mig, for det ville have v\u00e6ret ekstremt sv\u00e6rt at deltage i klassekurser hver uge.<\/p>\n<p><strong><em>L\u00e6ge, Rum\u00e6nien<\/em><\/strong><\/p>\n<p>&nbsp;<\/p>\n<p>Det var et meget nyttigt kursus. Jeg l\u00e6rte meget praktiske og nyttige ting ved at h\u00f8re det originale danske sprog. Jeg anbefaler dette kursus til alle begyndere i det danske sprog, fordi det er meget godt undervist.<\/p>\n<p><strong><em>Gymnasieelev, Rum\u00e6nien<\/em><\/strong><\/p>\n<p>&nbsp;<\/p>\n<p>Jeg kunne virkelig godt lide kursusmaterialerne. Bogen har mange farverige billeder og er velstruktureret. Jeg kan godt lide, at den indeholder forskellige emner. Selvom den har mange \u00f8velser, er denne bog velstruktureret, fordi den kombinerer skrivning, l\u00e6sning med lyd og tale. Jeg gentog og l\u00e6rte nyttige ting fra den danske grammatik, og vi lavede mange interessante, sjove og brugbare \u00f8velser.<\/p>\n<p><strong><em>Psykiater, Rum\u00e6nien<\/em><\/strong>[\/vc_column_text][\/vc_column][vc_column width=&#8221;1\/2&#8243;]<div class=\"vcex-spacing\" style=\"height:60px\"><\/div><div class=\"vcex-spacing\" style=\"height:60px\"><\/div>[vc_column_text]Kurset undervises p\u00e5 en anden m\u00e5de end et klassisk kursus i Rum\u00e6nien. Fleksibiliteten i tilgangen tillader og fremmer dit eget tempo. Jeg anbefaler dette kursus til alle, der \u00f8nsker at l\u00e6re dansk hurtigt og nemt.<\/p>\n<p><strong><i>L\u00e6ge, Danmark<\/i><\/strong><\/p>\n<p>&nbsp;<\/p>\n<p>Det er et interessant og interaktivt kursus, der l\u00e6gger basis til det danske sprog gennem kommunikation. L\u00e6reren er rigtig god og undervisningsmetoden er velstruktureret.<\/p>\n<p><strong><em>Gymnasieelev, Rum\u00e6nien<\/em><\/strong><\/p>\n<p>&nbsp;<\/p>\n<p>Jeg anbefaler kurset. Jeg n\u00e5ede at l\u00e6re meget p\u00e5 meget kort tid. Det hj\u00e6lper meget, at l\u00e6reren har dansk som modersm\u00e5l.<\/p>\n<p><strong><em>Arkitektstuderende, Rum\u00e6nien<\/em><\/strong>[\/vc_column_text][\/vc_column][\/vc_row][\/vc_section][vc_section][vc_row][vc_column width=&#8221;1\/2&#8243;]<div class=\"vcex-spacing\" style=\"height:60px\"><\/div><div class=\"vcex-spacing\" style=\"height:60px\"><\/div>[vc_column_text]Jeg l\u00e6rte det danske sprog med l\u00e6rer Nina Maria, og jeg anbefaler varmt VIKINGRO for deres danskkurser. Sammen med min mand og barn var vi i stand til at l\u00e6re dansk nemt, i en behagelig atmosf\u00e6re og p\u00e5 rekordtid og vigtigst af alt p\u00e5 rum\u00e6nsk. I Danmark bliver det danske sprog i f\u00f8rste omgang undervist p\u00e5 engelsk, s\u00e5 jeg betragter mig selv som heldig, fordi jeg l\u00e6rte dansk direkte fra det rum\u00e6nske sprog og ikke mindst af en ung og indf\u00f8dt danskl\u00e6rer.<\/p>\n<p><strong><i>\u00d8konom, Danmark<\/i><\/strong><\/p>\n<p>&nbsp;<\/p>\n<p>Kurset er superlativt! L\u00e6reren er didaktisk, fleksibel, spontan og kreativ. Jeg er meget tilfreds.<\/p>\n<p><strong><i>Astrolog, Rum\u00e6nien<\/i><\/strong><\/p>\n<p>&nbsp;<\/p>\n<p>Et hyggeligt kursus, du ved med sikkerhed, at det vil hj\u00e6lpe dig i fremtiden!<\/p>\n<p><strong><em>Gymnasieelev, Rum\u00e6nien<\/em><\/strong><\/p>\n<p>&nbsp;<\/p>\n<p>Jeg var tilfreds kurset. L\u00e6reren er aktiv og tilpasser forl\u00f8bet til den enkelte elevs behov.<\/p>\n<p><strong><em>Gymnasieelev, Rum\u00e6nien<\/em><\/strong><\/p>\n<p>&nbsp;<\/p>\n<p>Jeg anbefaler firmaet VIKINGRO, hvis du vil til Danmark.<\/p>\n<p><strong><em>Gymnasieelev, Rum\u00e6nien<\/em><\/strong>[\/vc_column_text][\/vc_column][vc_column width=&#8221;1\/2&#8243;]<div class=\"vcex-spacing\" style=\"height:60px\"><\/div><div class=\"vcex-spacing\" style=\"height:60px\"><\/div>[vc_column_text]Jeg l\u00e6rte dansk med Nina Maria og anbefaler varmt virksomheden VIKINGRO for deres danskkurser. Jeg l\u00e6rte dansk p\u00e5 rekordtid og i en afslappet atmosf\u00e6re.<\/p>\n<p>Jeg var i stand til at besvare sp\u00f8rgsm\u00e5l fra indf\u00f8dte allerede efter modul 1.<\/p>\n<p><strong><i>L\u00e6ge, Danmark<\/i><\/strong><\/p>\n<p>&nbsp;<\/p>\n<p>Faglighed, seri\u00f8sitet og en behagelig atmosf\u00e6re er n\u00f8gleordene.<\/p>\n<p><strong><i>\u00d8konom, Danmark<\/i><\/strong><\/p>\n<p>&nbsp;<\/p>\n<p>Maksimal professionalisme, jeg kan varmt anbefale kurset!<\/p>\n<p><strong><i>Salgsrepr\u00e6sentant, Rum\u00e6nien<\/i><\/strong>[\/vc_column_text][\/vc_column][\/vc_row][\/vc_section]\n","protected":false},"excerpt":{"rendered":"<p>[vc_row css=&#8221;.vc_custom_1443988960470{padding-top: 50px !important;padding-bottom: 30px !important;}&#8221;][vc_column][\/vc_column][\/vc_row][vc_section][vc_row][vc_column width=&#8221;1\/2&#8243;][vc_column_text]Jeg startede med det danske sprog fra et absolut nul, og jeg er overrasket over, hvor meget jeg n\u00e5ede at l\u00e6re i l\u00f8bet af de f\u00f8rste 2 moduler. Nu forst\u00e5r jeg dansk p\u00e5 et&hellip;<\/p>\n","protected":false},"author":2,"featured_media":0,"parent":0,"menu_order":0,"comment_status":"closed","ping_status":"closed","template":"","meta":{"footnotes":""},"class_list":["post-1937","page","type-page","status-publish","hentry","entry","no-media"],"yoast_head":"<!-- This site is optimized with the Yoast SEO plugin v23.1 - https:\/\/yoast.com\/wordpress\/plugins\/seo\/ -->\n<title>ANMELDELSER - Limba Daneza<\/title>\n<meta name=\"robots\" content=\"index, follow, max-snippet:-1, max-image-preview:large, max-video-preview:-1\" \/>\n<link rel=\"canonical\" href=\"https:\/\/limbadaneza.ro\/da\/anmeldelser\/\" \/>\n<meta property=\"og:locale\" content=\"da_DK\" \/>\n<meta property=\"og:type\" content=\"article\" \/>\n<meta property=\"og:title\" content=\"ANMELDELSER - Limba Daneza\" \/>\n<meta property=\"og:description\" content=\"[vc_row css=&#8221;.vc_custom_1443988960470{padding-top: 50px !important;padding-bottom: 30px !important;}&#8221;][vc_column][\/vc_column][\/vc_row][vc_section][vc_row][vc_column width=&#8221;1\/2&#8243;][vc_column_text]Jeg startede med det danske sprog fra et absolut nul, og jeg er overrasket over, hvor meget jeg n\u00e5ede at l\u00e6re i l\u00f8bet af de f\u00f8rste 2 moduler. Nu forst\u00e5r jeg dansk p\u00e5 et&hellip;\" \/>\n<meta property=\"og:url\" content=\"https:\/\/limbadaneza.ro\/da\/anmeldelser\/\" \/>\n<meta property=\"og:site_name\" content=\"Limba Daneza\" \/>\n<meta property=\"article:modified_time\" content=\"2023-12-22T22:04:35+00:00\" \/>\n<meta name=\"twitter:card\" content=\"summary_large_image\" \/>\n<meta name=\"twitter:label1\" content=\"Estimeret l\u00e6setid\" \/>\n\t<meta name=\"twitter:data1\" content=\"4 minutter\" \/>\n<script type=\"application\/ld+json\" class=\"yoast-schema-graph\">{\"@context\":\"https:\/\/schema.org\",\"@graph\":[{\"@type\":\"WebPage\",\"@id\":\"https:\/\/limbadaneza.ro\/da\/anmeldelser\/\",\"url\":\"https:\/\/limbadaneza.ro\/da\/anmeldelser\/\",\"name\":\"ANMELDELSER - Limba Daneza\",\"isPartOf\":{\"@id\":\"https:\/\/limbadaneza.ro\/#website\"},\"datePublished\":\"2023-12-16T18:07:58+00:00\",\"dateModified\":\"2023-12-22T22:04:35+00:00\",\"breadcrumb\":{\"@id\":\"https:\/\/limbadaneza.ro\/da\/anmeldelser\/#breadcrumb\"},\"inLanguage\":\"da-DK\",\"potentialAction\":[{\"@type\":\"ReadAction\",\"target\":[\"https:\/\/limbadaneza.ro\/da\/anmeldelser\/\"]}]},{\"@type\":\"BreadcrumbList\",\"@id\":\"https:\/\/limbadaneza.ro\/da\/anmeldelser\/#breadcrumb\",\"itemListElement\":[{\"@type\":\"ListItem\",\"position\":1,\"name\":\"Home\",\"item\":\"https:\/\/limbadaneza.ro\/da\/\"},{\"@type\":\"ListItem\",\"position\":2,\"name\":\"ANMELDELSER\"}]},{\"@type\":\"WebSite\",\"@id\":\"https:\/\/limbadaneza.ro\/#website\",\"url\":\"https:\/\/limbadaneza.ro\/\",\"name\":\"Limba Daneza\",\"description\":\"Cursuri de limba daneza si traduceri\",\"publisher\":{\"@id\":\"https:\/\/limbadaneza.ro\/#organization\"},\"potentialAction\":[{\"@type\":\"SearchAction\",\"target\":{\"@type\":\"EntryPoint\",\"urlTemplate\":\"https:\/\/limbadaneza.ro\/?s={search_term_string}\"},\"query-input\":\"required name=search_term_string\"}],\"inLanguage\":\"da-DK\"},{\"@type\":\"Organization\",\"@id\":\"https:\/\/limbadaneza.ro\/#organization\",\"name\":\"Limba Daneza\",\"url\":\"https:\/\/limbadaneza.ro\/\",\"logo\":{\"@type\":\"ImageObject\",\"inLanguage\":\"da-DK\",\"@id\":\"https:\/\/limbadaneza.ro\/#\/schema\/logo\/image\/\",\"url\":\"https:\/\/limbadaneza.ro\/wp-content\/uploads\/2018\/04\/logo_vikingro1.png\",\"contentUrl\":\"https:\/\/limbadaneza.ro\/wp-content\/uploads\/2018\/04\/logo_vikingro1.png\",\"width\":4509,\"height\":1018,\"caption\":\"Limba Daneza\"},\"image\":{\"@id\":\"https:\/\/limbadaneza.ro\/#\/schema\/logo\/image\/\"}}]}<\/script>\n<!-- \/ Yoast SEO plugin. -->","yoast_head_json":{"title":"ANMELDELSER - Limba Daneza","robots":{"index":"index","follow":"follow","max-snippet":"max-snippet:-1","max-image-preview":"max-image-preview:large","max-video-preview":"max-video-preview:-1"},"canonical":"https:\/\/limbadaneza.ro\/da\/anmeldelser\/","og_locale":"da_DK","og_type":"article","og_title":"ANMELDELSER - Limba Daneza","og_description":"[vc_row css=&#8221;.vc_custom_1443988960470{padding-top: 50px !important;padding-bottom: 30px !important;}&#8221;][vc_column][\/vc_column][\/vc_row][vc_section][vc_row][vc_column width=&#8221;1\/2&#8243;][vc_column_text]Jeg startede med det danske sprog fra et absolut nul, og jeg er overrasket over, hvor meget jeg n\u00e5ede at l\u00e6re i l\u00f8bet af de f\u00f8rste 2 moduler. Nu forst\u00e5r jeg dansk p\u00e5 et&hellip;","og_url":"https:\/\/limbadaneza.ro\/da\/anmeldelser\/","og_site_name":"Limba Daneza","article_modified_time":"2023-12-22T22:04:35+00:00","twitter_card":"summary_large_image","twitter_misc":{"Estimeret l\u00e6setid":"4 minutter"},"schema":{"@context":"https:\/\/schema.org","@graph":[{"@type":"WebPage","@id":"https:\/\/limbadaneza.ro\/da\/anmeldelser\/","url":"https:\/\/limbadaneza.ro\/da\/anmeldelser\/","name":"ANMELDELSER - Limba Daneza","isPartOf":{"@id":"https:\/\/limbadaneza.ro\/#website"},"datePublished":"2023-12-16T18:07:58+00:00","dateModified":"2023-12-22T22:04:35+00:00","breadcrumb":{"@id":"https:\/\/limbadaneza.ro\/da\/anmeldelser\/#breadcrumb"},"inLanguage":"da-DK","potentialAction":[{"@type":"ReadAction","target":["https:\/\/limbadaneza.ro\/da\/anmeldelser\/"]}]},{"@type":"BreadcrumbList","@id":"https:\/\/limbadaneza.ro\/da\/anmeldelser\/#breadcrumb","itemListElement":[{"@type":"ListItem","position":1,"name":"Home","item":"https:\/\/limbadaneza.ro\/da\/"},{"@type":"ListItem","position":2,"name":"ANMELDELSER"}]},{"@type":"WebSite","@id":"https:\/\/limbadaneza.ro\/#website","url":"https:\/\/limbadaneza.ro\/","name":"Limba Daneza","description":"Cursuri de limba daneza si traduceri","publisher":{"@id":"https:\/\/limbadaneza.ro\/#organization"},"potentialAction":[{"@type":"SearchAction","target":{"@type":"EntryPoint","urlTemplate":"https:\/\/limbadaneza.ro\/?s={search_term_string}"},"query-input":"required name=search_term_string"}],"inLanguage":"da-DK"},{"@type":"Organization","@id":"https:\/\/limbadaneza.ro\/#organization","name":"Limba Daneza","url":"https:\/\/limbadaneza.ro\/","logo":{"@type":"ImageObject","inLanguage":"da-DK","@id":"https:\/\/limbadaneza.ro\/#\/schema\/logo\/image\/","url":"https:\/\/limbadaneza.ro\/wp-content\/uploads\/2018\/04\/logo_vikingro1.png","contentUrl":"https:\/\/limbadaneza.ro\/wp-content\/uploads\/2018\/04\/logo_vikingro1.png","width":4509,"height":1018,"caption":"Limba Daneza"},"image":{"@id":"https:\/\/limbadaneza.ro\/#\/schema\/logo\/image\/"}}]}},"_links":{"self":[{"href":"https:\/\/limbadaneza.ro\/da\/wp-json\/wp\/v2\/pages\/1937"}],"collection":[{"href":"https:\/\/limbadaneza.ro\/da\/wp-json\/wp\/v2\/pages"}],"about":[{"href":"https:\/\/limbadaneza.ro\/da\/wp-json\/wp\/v2\/types\/page"}],"author":[{"embeddable":true,"href":"https:\/\/limbadaneza.ro\/da\/wp-json\/wp\/v2\/users\/2"}],"replies":[{"embeddable":true,"href":"https:\/\/limbadaneza.ro\/da\/wp-json\/wp\/v2\/comments?post=1937"}],"version-history":[{"count":0,"href":"https:\/\/limbadaneza.ro\/da\/wp-json\/wp\/v2\/pages\/1937\/revisions"}],"wp:attachment":[{"href":"https:\/\/limbadaneza.ro\/da\/wp-json\/wp\/v2\/media?parent=1937"}],"curies":[{"name":"wp","href":"https:\/\/api.w.org\/{rel}","templated":true}]}}