{"id":1931,"date":"2023-12-16T17:06:44","date_gmt":"2023-12-16T17:06:44","guid":{"rendered":"https:\/\/limbadaneza.ro\/da\/?page_id=1931"},"modified":"2024-02-19T11:57:09","modified_gmt":"2024-02-19T11:57:09","slug":"kontakt","status":"publish","type":"page","link":"https:\/\/limbadaneza.ro\/da\/kontakt\/","title":{"rendered":"KONTAKT"},"content":{"rendered":"[vc_row column_spacing=&#8221;0px&#8221; css=&#8221;.vc_custom_1611250122086{margin-top: 40px !important;}&#8221;][vc_column css=&#8221;.vc_custom_1593614596455{margin-top: 0px !important;}&#8221; offset=&#8221;vc_col-lg-6 vc_col-md-6&#8243;][vc_column_text css=&#8221;.vc_custom_1702745982694{padding-right: 50px !important;}&#8221;]\n<h1 style=\"color: #dd3333;\">Tak fordi du valgte at kontakte os!<\/h1>\n<div><\/div>\n<div>Hej,<br \/>\nTak fordi du har brugt lidt af din fritid p\u00e5 at l\u00e6se om os og vores sprogkurser. Vi h\u00e5ber, at interaktionen med vores hjemmeside var brugbar for dig, og at du i fremtiden vil overveje at l\u00e6re dansk eller rum\u00e6nsk med l\u00e6reren Nina Maria Nielsen \u2013 Preda.<\/div>\n<div><span style=\"font-size: 16px;\"><br \/>\n<\/span>Fremtiden betyder ogs\u00e5 i morgen, ikke? \ud83d\ude42<br \/>\nHar du brug for yderligere information, kan du til enhver tid ringe til os, vi gl\u00e6der os til at se dig p\u00e5 vores danskkurser!<br \/>\n<span style=\"font-size: 16px;\"><br \/>\nMed venlig hilsen,<br \/>\n<\/span><\/div>\n[\/vc_column_text][vc_column_text]\n<h2><span style=\"color: #dd3333;\">VIKINGRO DEVELOPMENT SERVICES<\/span><\/h2>\n<p style=\"text-align: left;\"><strong>Telefon<\/strong>: <a href=\"tel:+40754595752\">(+40) 754 595 752<\/a> \/ <a href=\"tel:+4550193855\">(+45) 50 19 38 55<\/a><br \/>\n<strong>E-mail<\/strong>: <a href=\"mailto:vikingro.office@gmail.com\">vikingro.office@gmail.com<\/a><\/p>\n[\/vc_column_text]<div class=\"vcex-spacing\" style=\"height:30px\"><\/div>[vc_row_inner][vc_column_inner width=&#8221;1\/2&#8243;][vc_btn title=&#8221;RING NU&#8221; align=&#8221;center&#8221; link=&#8221;url:tel%3A%2B40754595752|||&#8221;][\/vc_column_inner][vc_column_inner width=&#8221;1\/2&#8243;][vc_btn title=&#8221;SEND EN EMAIL&#8221; align=&#8221;center&#8221; link=&#8221;url:mailto%3Avikingro.office%40gmail.com|||&#8221;][\/vc_column_inner][\/vc_row_inner][\/vc_column][vc_column offset=&#8221;vc_col-lg-5 vc_col-md-6&#8243;][vc_single_image image=&#8221;1588&#8243;]<div class=\"vcex-spacing\" style=\"height:30px\"><\/div>[\/vc_column][\/vc_row][vc_section disable_element=&#8221;yes&#8221;][vc_row full_width=&#8221;stretch_row_content_no_spaces&#8221;][vc_column][vc_column_text]<div id=\"wpgmza_map\" class=\"wpgmza_map\" data-settings='{\"id\":\"1\",\"map_title\":\"My first map\",\"map_width\":\"100\",\"map_height\":\"600\",\"map_start_lat\":\"45.645054\",\"map_start_lng\":\"25.628044\",\"map_start_location\":\"45.6450543,25.62804410000001\",\"map_start_zoom\":\"17\",\"default_marker\":\"0\",\"type\":\"1\",\"alignment\":\"2\",\"directions_enabled\":\"1\",\"styling_enabled\":\"0\",\"styling_json\":\"\",\"active\":\"0\",\"kml\":\"\",\"bicycle\":\"0\",\"traffic\":\"0\",\"dbox\":\"1\",\"dbox_width\":\"100\",\"listmarkers\":\"0\",\"listmarkers_advanced\":\"0\",\"filterbycat\":\"0\",\"ugm_enabled\":\"0\",\"ugm_category_enabled\":\"0\",\"fusion\":\"\",\"map_width_type\":\"\\\\%\",\"map_height_type\":\"px\",\"mass_marker_support\":\"1\",\"ugm_access\":\"0\",\"order_markers_by\":\"1\",\"order_markers_choice\":\"2\",\"show_user_location\":\"0\",\"default_to\":\"\",\"other_settings\":{\"store_locator_enabled\":2,\"store_locator_distance\":2,\"store_locator_default_radius\":\"10\",\"store_locator_not_found_message\":\"No results found in this location. Please try again.\",\"store_locator_bounce\":1,\"store_locator_query_string\":\"Cod po\\u0219tal \\\/ Adres\\u0103:\",\"store_locator_default_address\":\"\",\"wpgmza_store_locator_restrict\":\"\",\"store_locator_style\":\"modern\",\"wpgmza_store_locator_radius_style\":\"modern\",\"map_max_zoom\":\"1\",\"transport_layer\":0,\"wpgmza_theme_data\":\"[ \\\\\\\"visibility\\\\\\\", \\\\\\\"invert_lightness\\\\\\\", \\\\\\\"color\\\\\\\", \\\\\\\"weight\\\\\\\", \\\\\\\"hue\\\\\\\", \\\\\\\"saturation\\\\\\\", \\\\\\\"lightness\\\\\\\", \\\\\\\"gamma\\\\\\\"]\",\"wpgmza_theme_selection\":0,\"wpgmza_show_points_of_interest\":1}}' data-map-id='1' Data-maps-engine='' data-shortcode-attributes='{\"id\":\"1\"}' style=\"display:block; overflow:auto; width:100%; height:600px; float:left;\"><\/div>[\/vc_column_text][vc_column_text font_family=&#8221;Montserrat&#8221; font_size=&#8221;14&#8243;]<div id=\"wpgmza_map\" class=\"wpgmza_map\" data-settings='{\"id\":\"1\",\"map_title\":\"My first map\",\"map_width\":\"100\",\"map_height\":\"600\",\"map_start_lat\":\"45.645054\",\"map_start_lng\":\"25.628044\",\"map_start_location\":\"45.6450543,25.62804410000001\",\"map_start_zoom\":\"17\",\"default_marker\":\"0\",\"type\":\"1\",\"alignment\":\"2\",\"directions_enabled\":\"1\",\"styling_enabled\":\"0\",\"styling_json\":\"\",\"active\":\"0\",\"kml\":\"\",\"bicycle\":\"0\",\"traffic\":\"0\",\"dbox\":\"1\",\"dbox_width\":\"100\",\"listmarkers\":\"0\",\"listmarkers_advanced\":\"0\",\"filterbycat\":\"0\",\"ugm_enabled\":\"0\",\"ugm_category_enabled\":\"0\",\"fusion\":\"\",\"map_width_type\":\"\\\\%\",\"map_height_type\":\"px\",\"mass_marker_support\":\"1\",\"ugm_access\":\"0\",\"order_markers_by\":\"1\",\"order_markers_choice\":\"2\",\"show_user_location\":\"0\",\"default_to\":\"\",\"other_settings\":{\"store_locator_enabled\":2,\"store_locator_distance\":2,\"store_locator_default_radius\":\"10\",\"store_locator_not_found_message\":\"No results found in this location. Please try again.\",\"store_locator_bounce\":1,\"store_locator_query_string\":\"Cod po\\u0219tal \\\/ Adres\\u0103:\",\"store_locator_default_address\":\"\",\"wpgmza_store_locator_restrict\":\"\",\"store_locator_style\":\"modern\",\"wpgmza_store_locator_radius_style\":\"modern\",\"map_max_zoom\":\"1\",\"transport_layer\":0,\"wpgmza_theme_data\":\"[ \\\\\\\"visibility\\\\\\\", \\\\\\\"invert_lightness\\\\\\\", \\\\\\\"color\\\\\\\", \\\\\\\"weight\\\\\\\", \\\\\\\"hue\\\\\\\", \\\\\\\"saturation\\\\\\\", \\\\\\\"lightness\\\\\\\", \\\\\\\"gamma\\\\\\\"]\",\"wpgmza_theme_selection\":0,\"wpgmza_show_points_of_interest\":1}}' data-map-id='1' Data-maps-engine='' data-shortcode-attributes='{\"id\":\"1\"}' style=\"display:block; overflow:auto; width:100%; height:600px; float:left;\"><\/div>[\/vc_column_text][\/vc_column][\/vc_row][\/vc_section]\n","protected":false},"excerpt":{"rendered":"<p>[vc_row column_spacing=&#8221;0px&#8221; css=&#8221;.vc_custom_1611250122086{margin-top: 40px !important;}&#8221;][vc_column css=&#8221;.vc_custom_1593614596455{margin-top: 0px !important;}&#8221; offset=&#8221;vc_col-lg-6 vc_col-md-6&#8243;][vc_column_text css=&#8221;.vc_custom_1702745982694{padding-right: 50px !important;}&#8221;] Tak fordi du valgte at kontakte os! Hej, Tak fordi du har brugt lidt af din fritid p\u00e5 at l\u00e6se om os og vores sprogkurser. Vi h\u00e5ber,&hellip;<\/p>\n","protected":false},"author":2,"featured_media":0,"parent":0,"menu_order":0,"comment_status":"closed","ping_status":"closed","template":"","meta":{"footnotes":""},"class_list":["post-1931","page","type-page","status-publish","hentry","entry","no-media"],"yoast_head":"<!-- This site is optimized with the Yoast SEO plugin v23.1 - https:\/\/yoast.com\/wordpress\/plugins\/seo\/ -->\n<title>KONTAKT - Limba Daneza<\/title>\n<meta name=\"robots\" content=\"index, follow, max-snippet:-1, max-image-preview:large, max-video-preview:-1\" \/>\n<link rel=\"canonical\" href=\"https:\/\/limbadaneza.ro\/da\/kontakt\/\" \/>\n<meta property=\"og:locale\" content=\"da_DK\" \/>\n<meta property=\"og:type\" content=\"article\" \/>\n<meta property=\"og:title\" content=\"KONTAKT - Limba Daneza\" \/>\n<meta property=\"og:description\" content=\"[vc_row column_spacing=&#8221;0px&#8221; css=&#8221;.vc_custom_1611250122086{margin-top: 40px !important;}&#8221;][vc_column css=&#8221;.vc_custom_1593614596455{margin-top: 0px !important;}&#8221; offset=&#8221;vc_col-lg-6 vc_col-md-6&#8243;][vc_column_text css=&#8221;.vc_custom_1702745982694{padding-right: 50px !important;}&#8221;] Tak fordi du valgte at kontakte os! Hej, Tak fordi du har brugt lidt af din fritid p\u00e5 at l\u00e6se om os og vores sprogkurser. Vi h\u00e5ber,&hellip;\" \/>\n<meta property=\"og:url\" content=\"https:\/\/limbadaneza.ro\/da\/kontakt\/\" \/>\n<meta property=\"og:site_name\" content=\"Limba Daneza\" \/>\n<meta property=\"article:modified_time\" content=\"2024-02-19T11:57:09+00:00\" \/>\n<meta name=\"twitter:card\" content=\"summary_large_image\" \/>\n<meta name=\"twitter:label1\" content=\"Estimeret l\u00e6setid\" \/>\n\t<meta name=\"twitter:data1\" content=\"1 minut\" \/>\n<script type=\"application\/ld+json\" class=\"yoast-schema-graph\">{\"@context\":\"https:\/\/schema.org\",\"@graph\":[{\"@type\":\"WebPage\",\"@id\":\"https:\/\/limbadaneza.ro\/da\/kontakt\/\",\"url\":\"https:\/\/limbadaneza.ro\/da\/kontakt\/\",\"name\":\"KONTAKT - Limba Daneza\",\"isPartOf\":{\"@id\":\"https:\/\/limbadaneza.ro\/#website\"},\"datePublished\":\"2023-12-16T17:06:44+00:00\",\"dateModified\":\"2024-02-19T11:57:09+00:00\",\"breadcrumb\":{\"@id\":\"https:\/\/limbadaneza.ro\/da\/kontakt\/#breadcrumb\"},\"inLanguage\":\"da-DK\",\"potentialAction\":[{\"@type\":\"ReadAction\",\"target\":[\"https:\/\/limbadaneza.ro\/da\/kontakt\/\"]}]},{\"@type\":\"BreadcrumbList\",\"@id\":\"https:\/\/limbadaneza.ro\/da\/kontakt\/#breadcrumb\",\"itemListElement\":[{\"@type\":\"ListItem\",\"position\":1,\"name\":\"Home\",\"item\":\"https:\/\/limbadaneza.ro\/da\/\"},{\"@type\":\"ListItem\",\"position\":2,\"name\":\"KONTAKT\"}]},{\"@type\":\"WebSite\",\"@id\":\"https:\/\/limbadaneza.ro\/#website\",\"url\":\"https:\/\/limbadaneza.ro\/\",\"name\":\"Limba Daneza\",\"description\":\"Cursuri de limba daneza si traduceri\",\"publisher\":{\"@id\":\"https:\/\/limbadaneza.ro\/#organization\"},\"potentialAction\":[{\"@type\":\"SearchAction\",\"target\":{\"@type\":\"EntryPoint\",\"urlTemplate\":\"https:\/\/limbadaneza.ro\/?s={search_term_string}\"},\"query-input\":\"required name=search_term_string\"}],\"inLanguage\":\"da-DK\"},{\"@type\":\"Organization\",\"@id\":\"https:\/\/limbadaneza.ro\/#organization\",\"name\":\"Limba Daneza\",\"url\":\"https:\/\/limbadaneza.ro\/\",\"logo\":{\"@type\":\"ImageObject\",\"inLanguage\":\"da-DK\",\"@id\":\"https:\/\/limbadaneza.ro\/#\/schema\/logo\/image\/\",\"url\":\"https:\/\/limbadaneza.ro\/wp-content\/uploads\/2018\/04\/logo_vikingro1.png\",\"contentUrl\":\"https:\/\/limbadaneza.ro\/wp-content\/uploads\/2018\/04\/logo_vikingro1.png\",\"width\":4509,\"height\":1018,\"caption\":\"Limba Daneza\"},\"image\":{\"@id\":\"https:\/\/limbadaneza.ro\/#\/schema\/logo\/image\/\"}}]}<\/script>\n<!-- \/ Yoast SEO plugin. -->","yoast_head_json":{"title":"KONTAKT - Limba Daneza","robots":{"index":"index","follow":"follow","max-snippet":"max-snippet:-1","max-image-preview":"max-image-preview:large","max-video-preview":"max-video-preview:-1"},"canonical":"https:\/\/limbadaneza.ro\/da\/kontakt\/","og_locale":"da_DK","og_type":"article","og_title":"KONTAKT - Limba Daneza","og_description":"[vc_row column_spacing=&#8221;0px&#8221; css=&#8221;.vc_custom_1611250122086{margin-top: 40px !important;}&#8221;][vc_column css=&#8221;.vc_custom_1593614596455{margin-top: 0px !important;}&#8221; offset=&#8221;vc_col-lg-6 vc_col-md-6&#8243;][vc_column_text css=&#8221;.vc_custom_1702745982694{padding-right: 50px !important;}&#8221;] Tak fordi du valgte at kontakte os! Hej, Tak fordi du har brugt lidt af din fritid p\u00e5 at l\u00e6se om os og vores sprogkurser. Vi h\u00e5ber,&hellip;","og_url":"https:\/\/limbadaneza.ro\/da\/kontakt\/","og_site_name":"Limba Daneza","article_modified_time":"2024-02-19T11:57:09+00:00","twitter_card":"summary_large_image","twitter_misc":{"Estimeret l\u00e6setid":"1 minut"},"schema":{"@context":"https:\/\/schema.org","@graph":[{"@type":"WebPage","@id":"https:\/\/limbadaneza.ro\/da\/kontakt\/","url":"https:\/\/limbadaneza.ro\/da\/kontakt\/","name":"KONTAKT - Limba Daneza","isPartOf":{"@id":"https:\/\/limbadaneza.ro\/#website"},"datePublished":"2023-12-16T17:06:44+00:00","dateModified":"2024-02-19T11:57:09+00:00","breadcrumb":{"@id":"https:\/\/limbadaneza.ro\/da\/kontakt\/#breadcrumb"},"inLanguage":"da-DK","potentialAction":[{"@type":"ReadAction","target":["https:\/\/limbadaneza.ro\/da\/kontakt\/"]}]},{"@type":"BreadcrumbList","@id":"https:\/\/limbadaneza.ro\/da\/kontakt\/#breadcrumb","itemListElement":[{"@type":"ListItem","position":1,"name":"Home","item":"https:\/\/limbadaneza.ro\/da\/"},{"@type":"ListItem","position":2,"name":"KONTAKT"}]},{"@type":"WebSite","@id":"https:\/\/limbadaneza.ro\/#website","url":"https:\/\/limbadaneza.ro\/","name":"Limba Daneza","description":"Cursuri de limba daneza si traduceri","publisher":{"@id":"https:\/\/limbadaneza.ro\/#organization"},"potentialAction":[{"@type":"SearchAction","target":{"@type":"EntryPoint","urlTemplate":"https:\/\/limbadaneza.ro\/?s={search_term_string}"},"query-input":"required name=search_term_string"}],"inLanguage":"da-DK"},{"@type":"Organization","@id":"https:\/\/limbadaneza.ro\/#organization","name":"Limba Daneza","url":"https:\/\/limbadaneza.ro\/","logo":{"@type":"ImageObject","inLanguage":"da-DK","@id":"https:\/\/limbadaneza.ro\/#\/schema\/logo\/image\/","url":"https:\/\/limbadaneza.ro\/wp-content\/uploads\/2018\/04\/logo_vikingro1.png","contentUrl":"https:\/\/limbadaneza.ro\/wp-content\/uploads\/2018\/04\/logo_vikingro1.png","width":4509,"height":1018,"caption":"Limba Daneza"},"image":{"@id":"https:\/\/limbadaneza.ro\/#\/schema\/logo\/image\/"}}]}},"_links":{"self":[{"href":"https:\/\/limbadaneza.ro\/da\/wp-json\/wp\/v2\/pages\/1931"}],"collection":[{"href":"https:\/\/limbadaneza.ro\/da\/wp-json\/wp\/v2\/pages"}],"about":[{"href":"https:\/\/limbadaneza.ro\/da\/wp-json\/wp\/v2\/types\/page"}],"author":[{"embeddable":true,"href":"https:\/\/limbadaneza.ro\/da\/wp-json\/wp\/v2\/users\/2"}],"replies":[{"embeddable":true,"href":"https:\/\/limbadaneza.ro\/da\/wp-json\/wp\/v2\/comments?post=1931"}],"version-history":[{"count":0,"href":"https:\/\/limbadaneza.ro\/da\/wp-json\/wp\/v2\/pages\/1931\/revisions"}],"wp:attachment":[{"href":"https:\/\/limbadaneza.ro\/da\/wp-json\/wp\/v2\/media?parent=1931"}],"curies":[{"name":"wp","href":"https:\/\/api.w.org\/{rel}","templated":true}]}}