{"id":1925,"date":"2023-12-16T16:44:42","date_gmt":"2023-12-16T16:44:42","guid":{"rendered":"https:\/\/limbadaneza.ro\/da\/?page_id=1925"},"modified":"2024-04-06T17:24:07","modified_gmt":"2024-04-06T17:24:07","slug":"vores-historie","status":"publish","type":"page","link":"https:\/\/limbadaneza.ro\/da\/vores-historie\/","title":{"rendered":"VORES HISTORIE"},"content":{"rendered":"[vc_section][vc_row gap=&#8221;30&#8243; remove_bottom_col_margin=&#8221;true&#8221;][vc_column el_class=&#8221;full-image&#8221;][vc_single_image image=&#8221;242&#8243; el_class=&#8221;full-image&#8221;][\/vc_column][vc_column][vc_empty_space height=&#8221;40px&#8221;][vc_column_text]\n<h1 style=\"text-align: center;\">VORES HISTORIE<\/h1>\n[\/vc_column_text][vc_empty_space height=&#8221;40px&#8221;][vc_column_text font_family=&#8221;Montserrat&#8221; font_size=&#8221;d:16|pp:12&#8243; text_align=&#8221;center&#8221;]\n<p>I 2012 m\u00f8dtes 2 mennesker, fra 2 forskellige hj\u00f8rner i Europa, i K\u00f8benhavn i Danmark.<\/p>\n<p>Dette m\u00f8de resulterede i en vision om et t\u00e6ttere samarbejde mellem Danmark og Rum\u00e6nien.<br \/>\nEfter 2 \u00e5r blev denne vision til en social og kulturel udviklingsservice.<\/p>\n<p>Vi arbejder for en st\u00e6rkere kulturel og \u00f8konomisk udvikling mellem Danmark og Rum\u00e6nien ved at<br \/>\nappellerer til studier, arbejde og erhvervsudvikling p\u00e5 tv\u00e6rs af de skandinaviske og balkanske<br \/>\ngr\u00e6nser. Vi er overbeviste om, at dialog og samarbejde beriger vores lande b\u00e5de kulturelt og<br \/>\n\u00f8konomisk.<\/p>\n<p><strong>Vi elsker at se mennesker og lande blomstre, og historien vil forts\u00e6tte med dig, hvis du vil<\/strong><br \/>\n<strong>v\u00e6re en del af den. Husk hvad HC Andersen sagde: &#8220;At rejse er at leve.&#8221;<\/strong>[\/vc_column_text][vc_empty_space height=&#8221;40px&#8221;][vc_column_text]\n<h2 style=\"text-align: center;\">Livet er en rejse!<\/h2>\n[\/vc_column_text][vc_empty_space height=&#8221;40px&#8221;][vc_separator border_width=&#8221;2&#8243; el_width=&#8221;40&#8243; css=&#8221;.vc_custom_1528209437941{margin-bottom: 20px !important;}&#8221;][vc_empty_space height=&#8221;40px&#8221;][\/vc_column][\/vc_row][\/vc_section][vc_section disable_element=&#8221;yes&#8221;][vc_row gap=&#8221;30&#8243; remove_bottom_col_margin=&#8221;true&#8221;][vc_column width=&#8221;1\/2&#8243;][vc_single_image image=&#8221;404&#8243;][\/vc_column][vc_column width=&#8221;1\/2&#8243;][vc_column_text font_family=&#8221;Montserrat&#8221; font_size=&#8221;d:16|pp:12&#8243;]Un pic despre mine &#8211; <strong>Nina Maria Preda<\/strong> (\u00eenainte ma numeam Nina Fabricius-Bjerre)<\/p>\n<p>Sunt profesoar\u0103 nativa de limba danez\u0103. M-am nascut \u00eentr-un ora\u0219 micut situat in vecinatatea unui lac \u0219i a unei paduri, la circa 25 de chilometri de Copenhaga. In copilarie am c\u0103l\u0103torit mult cu parin\u021bii mei iar dup\u0103 ce am crescut am tr\u0103it o perioada \u00een Italia, \u00een Africa \u0219i \u00een Mexic. La v\u00e2rsta de 21 de ani m-am mutat la Copenhaga iar la 22 de ani am \u00eenceput facultatea de limbi straine. In fiecare zi mergeam cu bicicleta spre facultate si era o placere.<\/p>\n<p>Dup\u0103 facultate am f\u0103cut un master in Psihologie \u0219i din 2010 am \u00eenceput s\u0103 lucrez ca profesoar\u0103 de limba daneza \u0219i italiana. Am lucrat la diferite \u0219coli renumite \u00een Danemarca \u0219i mi-a pl\u0103cut s\u0103 lucrez \u00eentr-o comunitate multina\u021bionala si multiculturala.<\/p>\n<p>\u00cen 2011 m-am \u00eentalnit cu actualul meu sot \u00een Copenhaga. Atunci \u0219tiam foarte pu\u021bin despre Rom\u00e2nia si despre limba rom\u00e2n\u0103. El m-a introdus in comunitatea romaneasca din Copenhaga, comunitate in care m-am simtit foarte bine. Primul lucru pe care am observat este c\u0103 rom\u00e2nii sunt foarte primitori \u0219i le place sa r\u00e2d\u0103.<\/p>\n<p>\u00cen 2013 c\u00e2nd aveam 32 de ani am plecat cu so\u021bul meu la Bucure\u0219ti. Aici am \u00eenceput s\u0103 predau limb\u0103 daneza la Ambasada Regatului Danemarcei la Bucure\u0219ti \u0219i s\u0103 \u00eenva\u021b limba rom\u00e2n\u0103. Mi-a placut foarte mult Rom\u00e2nia pentru c\u0103 este o tara foarte frumoas\u0103 \u0219i in general oamenii sunt muncitori \u0219i amabili.<\/p>\n<p>\u00een 2014, impreuna cu sotul meu am deschis o firma prin care oferim cursuri de limba danez\u0103 pentru romani \u0219i limba rom\u00e2n\u0103 pentru danezi. Prin aceasta as vrea s\u0103 dam posibilitatea oamenilor s\u0103 c\u0103l\u0103toreasc\u0103 \u0219i s\u0103 \u00eenve\u021be despre alta cultura \u0219i felul de a trai. Predau atat la copii c\u00e2t \u0219i la adul\u021bi \u0219i \u00eemi place sa vad oameni care stiu sa se dezvolte.<\/p>\n<p>Mi-e dor doar de bicicleta mea din Danemarca, de p\u00e2inea de secar\u0103, somon, cura\u021benia si organizarea de pe strada, familia mea de acolo si marea care este foarte aproape de oras. Daca as pleca din Romania mi-ar fi dor de munti, salamul de sibiu, vara lunga si calduroasa si oamenii pe care i-am cunoscut, de noua mea familie din Romania si de cursurile de limba daneza pe care le predau romanilor.[\/vc_column_text][\/vc_column][\/vc_row][\/vc_section][vc_section][vc_row][vc_column][vc_single_image image=&#8221;1518&#8243; alignment=&#8221;center&#8221;][\/vc_column][\/vc_row][vc_row][vc_column width=&#8221;1\/2&#8243;][vc_column_text]\n<h2 style=\"text-align: right;\"><span style=\"font-size: 24px;\"><b>Sebastian Preda<\/b><\/span><\/h2>\n<h3 style=\"text-align: right;\">Manager &amp; Kursus Koordinator, BA i Jura<\/h3>\n[\/vc_column_text][\/vc_column][vc_column width=&#8221;1\/2&#8243;][vc_column_text]\n<h2><span style=\"font-size: 24px;\"><b>Nina Maria Nielsen-Preda<\/b><\/span><\/h2>\n<h3>Danskl\u00e6rer, MA i Sprogpsykologi<\/h3>\n[\/vc_column_text][\/vc_column][\/vc_row][\/vc_section][vc_section][vc_row][vc_column][vc_empty_space height=&#8221;40px&#8221;][vc_separator border_width=&#8221;2&#8243; el_width=&#8221;60&#8243;][vc_empty_space height=&#8221;40px&#8221;][\/vc_column][\/vc_row][vc_row][vc_column][vc_column_text font_family=&#8221;Montserrat&#8221; font_size=&#8221;d:32|pp:14&#8243;]\n<p style=\"text-align: center;\">KONTAKT OS<\/p>\n[\/vc_column_text][\/vc_column][\/vc_row][\/vc_section][vc_section][vc_row][vc_column width=&#8221;1\/2&#8243;]<div class=\"vcex-module vcex-icon-box clr vcex-icon-box-four  vc_custom_1528718018955\"><div class=\"vcex-icon-box-icon\" style=\"color:#dd3333;font-size:32px;\"><span class=\"fa fa-phone\"><\/span><\/div><h2 class=\"vcex-icon-box-heading\" style=\"font-family:Montserrat;font-weight:400;color:#dd3333;font-size:32px;\" >Telefon<\/h2><div class=\"vcex-icon-box-content clr\" ><p><span style=\"font-family: montserrat;color: #dd3333;font-size: 20px\">(+40) 754 595 752 \/ (+45) 50 19 38 55<\/span><\/p>\n<\/div><\/div>[\/vc_column][vc_column width=&#8221;1\/2&#8243;]<div class=\"vcex-module vcex-icon-box clr vcex-icon-box-four  vc_custom_1523975095135\"><div class=\"vcex-icon-box-icon\" style=\"color:#dd3333;font-size:32px;\"><span class=\"fa fa-envelope\"><\/span><\/div><h2 class=\"vcex-icon-box-heading\" style=\"font-family:Montserrat;font-weight:400;color:#dd3333;font-size:32px;\" >E-mail<\/h2><div class=\"vcex-icon-box-content clr\" ><p><span style=\"font-family: montserrat;color: #dd3333;font-size: 20px\">vikingro.office@gmail.com<\/span><\/p>\n<\/div><\/div>[\/vc_column][\/vc_row][\/vc_section]\n","protected":false},"excerpt":{"rendered":"<p>[vc_section][vc_row gap=&#8221;30&#8243; remove_bottom_col_margin=&#8221;true&#8221;][vc_column el_class=&#8221;full-image&#8221;][vc_single_image image=&#8221;242&#8243; el_class=&#8221;full-image&#8221;][\/vc_column][vc_column][vc_empty_space height=&#8221;40px&#8221;][vc_column_text] VORES HISTORIE [\/vc_column_text][vc_empty_space height=&#8221;40px&#8221;][vc_column_text font_family=&#8221;Montserrat&#8221; font_size=&#8221;d:16|pp:12&#8243; text_align=&#8221;center&#8221;] I 2012 m\u00f8dtes 2 mennesker, fra 2 forskellige hj\u00f8rner i Europa, i K\u00f8benhavn i Danmark. Dette m\u00f8de resulterede i en vision om et t\u00e6ttere samarbejde mellem&hellip;<\/p>\n","protected":false},"author":2,"featured_media":0,"parent":0,"menu_order":0,"comment_status":"closed","ping_status":"closed","template":"","meta":{"footnotes":""},"class_list":["post-1925","page","type-page","status-publish","hentry","entry","no-media"],"yoast_head":"<!-- This site is optimized with the Yoast SEO plugin v23.1 - https:\/\/yoast.com\/wordpress\/plugins\/seo\/ -->\n<title>VORES HISTORIE - Limba Daneza<\/title>\n<meta name=\"robots\" content=\"index, follow, max-snippet:-1, max-image-preview:large, max-video-preview:-1\" \/>\n<link rel=\"canonical\" href=\"https:\/\/limbadaneza.ro\/da\/vores-historie\/\" \/>\n<meta property=\"og:locale\" content=\"da_DK\" \/>\n<meta property=\"og:type\" content=\"article\" \/>\n<meta property=\"og:title\" content=\"VORES HISTORIE - Limba Daneza\" \/>\n<meta property=\"og:description\" content=\"[vc_section][vc_row gap=&#8221;30&#8243; remove_bottom_col_margin=&#8221;true&#8221;][vc_column el_class=&#8221;full-image&#8221;][vc_single_image image=&#8221;242&#8243; el_class=&#8221;full-image&#8221;][\/vc_column][vc_column][vc_empty_space height=&#8221;40px&#8221;][vc_column_text] VORES HISTORIE [\/vc_column_text][vc_empty_space height=&#8221;40px&#8221;][vc_column_text font_family=&#8221;Montserrat&#8221; font_size=&#8221;d:16|pp:12&#8243; text_align=&#8221;center&#8221;] I 2012 m\u00f8dtes 2 mennesker, fra 2 forskellige hj\u00f8rner i Europa, i K\u00f8benhavn i Danmark. Dette m\u00f8de resulterede i en vision om et t\u00e6ttere samarbejde mellem&hellip;\" \/>\n<meta property=\"og:url\" content=\"https:\/\/limbadaneza.ro\/da\/vores-historie\/\" \/>\n<meta property=\"og:site_name\" content=\"Limba Daneza\" \/>\n<meta property=\"article:modified_time\" content=\"2024-04-06T17:24:07+00:00\" \/>\n<meta name=\"twitter:card\" content=\"summary_large_image\" \/>\n<meta name=\"twitter:label1\" content=\"Estimeret l\u00e6setid\" \/>\n\t<meta name=\"twitter:data1\" content=\"4 minutter\" \/>\n<script type=\"application\/ld+json\" class=\"yoast-schema-graph\">{\"@context\":\"https:\/\/schema.org\",\"@graph\":[{\"@type\":\"WebPage\",\"@id\":\"https:\/\/limbadaneza.ro\/da\/vores-historie\/\",\"url\":\"https:\/\/limbadaneza.ro\/da\/vores-historie\/\",\"name\":\"VORES HISTORIE - Limba Daneza\",\"isPartOf\":{\"@id\":\"https:\/\/limbadaneza.ro\/#website\"},\"datePublished\":\"2023-12-16T16:44:42+00:00\",\"dateModified\":\"2024-04-06T17:24:07+00:00\",\"breadcrumb\":{\"@id\":\"https:\/\/limbadaneza.ro\/da\/vores-historie\/#breadcrumb\"},\"inLanguage\":\"da-DK\",\"potentialAction\":[{\"@type\":\"ReadAction\",\"target\":[\"https:\/\/limbadaneza.ro\/da\/vores-historie\/\"]}]},{\"@type\":\"BreadcrumbList\",\"@id\":\"https:\/\/limbadaneza.ro\/da\/vores-historie\/#breadcrumb\",\"itemListElement\":[{\"@type\":\"ListItem\",\"position\":1,\"name\":\"Home\",\"item\":\"https:\/\/limbadaneza.ro\/da\/\"},{\"@type\":\"ListItem\",\"position\":2,\"name\":\"VORES HISTORIE\"}]},{\"@type\":\"WebSite\",\"@id\":\"https:\/\/limbadaneza.ro\/#website\",\"url\":\"https:\/\/limbadaneza.ro\/\",\"name\":\"Limba Daneza\",\"description\":\"Cursuri de limba daneza si traduceri\",\"publisher\":{\"@id\":\"https:\/\/limbadaneza.ro\/#organization\"},\"potentialAction\":[{\"@type\":\"SearchAction\",\"target\":{\"@type\":\"EntryPoint\",\"urlTemplate\":\"https:\/\/limbadaneza.ro\/?s={search_term_string}\"},\"query-input\":\"required name=search_term_string\"}],\"inLanguage\":\"da-DK\"},{\"@type\":\"Organization\",\"@id\":\"https:\/\/limbadaneza.ro\/#organization\",\"name\":\"Limba Daneza\",\"url\":\"https:\/\/limbadaneza.ro\/\",\"logo\":{\"@type\":\"ImageObject\",\"inLanguage\":\"da-DK\",\"@id\":\"https:\/\/limbadaneza.ro\/#\/schema\/logo\/image\/\",\"url\":\"https:\/\/limbadaneza.ro\/wp-content\/uploads\/2018\/04\/logo_vikingro1.png\",\"contentUrl\":\"https:\/\/limbadaneza.ro\/wp-content\/uploads\/2018\/04\/logo_vikingro1.png\",\"width\":4509,\"height\":1018,\"caption\":\"Limba Daneza\"},\"image\":{\"@id\":\"https:\/\/limbadaneza.ro\/#\/schema\/logo\/image\/\"}}]}<\/script>\n<!-- \/ Yoast SEO plugin. -->","yoast_head_json":{"title":"VORES HISTORIE - Limba Daneza","robots":{"index":"index","follow":"follow","max-snippet":"max-snippet:-1","max-image-preview":"max-image-preview:large","max-video-preview":"max-video-preview:-1"},"canonical":"https:\/\/limbadaneza.ro\/da\/vores-historie\/","og_locale":"da_DK","og_type":"article","og_title":"VORES HISTORIE - Limba Daneza","og_description":"[vc_section][vc_row gap=&#8221;30&#8243; remove_bottom_col_margin=&#8221;true&#8221;][vc_column el_class=&#8221;full-image&#8221;][vc_single_image image=&#8221;242&#8243; el_class=&#8221;full-image&#8221;][\/vc_column][vc_column][vc_empty_space height=&#8221;40px&#8221;][vc_column_text] VORES HISTORIE [\/vc_column_text][vc_empty_space height=&#8221;40px&#8221;][vc_column_text font_family=&#8221;Montserrat&#8221; font_size=&#8221;d:16|pp:12&#8243; text_align=&#8221;center&#8221;] I 2012 m\u00f8dtes 2 mennesker, fra 2 forskellige hj\u00f8rner i Europa, i K\u00f8benhavn i Danmark. Dette m\u00f8de resulterede i en vision om et t\u00e6ttere samarbejde mellem&hellip;","og_url":"https:\/\/limbadaneza.ro\/da\/vores-historie\/","og_site_name":"Limba Daneza","article_modified_time":"2024-04-06T17:24:07+00:00","twitter_card":"summary_large_image","twitter_misc":{"Estimeret l\u00e6setid":"4 minutter"},"schema":{"@context":"https:\/\/schema.org","@graph":[{"@type":"WebPage","@id":"https:\/\/limbadaneza.ro\/da\/vores-historie\/","url":"https:\/\/limbadaneza.ro\/da\/vores-historie\/","name":"VORES HISTORIE - Limba Daneza","isPartOf":{"@id":"https:\/\/limbadaneza.ro\/#website"},"datePublished":"2023-12-16T16:44:42+00:00","dateModified":"2024-04-06T17:24:07+00:00","breadcrumb":{"@id":"https:\/\/limbadaneza.ro\/da\/vores-historie\/#breadcrumb"},"inLanguage":"da-DK","potentialAction":[{"@type":"ReadAction","target":["https:\/\/limbadaneza.ro\/da\/vores-historie\/"]}]},{"@type":"BreadcrumbList","@id":"https:\/\/limbadaneza.ro\/da\/vores-historie\/#breadcrumb","itemListElement":[{"@type":"ListItem","position":1,"name":"Home","item":"https:\/\/limbadaneza.ro\/da\/"},{"@type":"ListItem","position":2,"name":"VORES HISTORIE"}]},{"@type":"WebSite","@id":"https:\/\/limbadaneza.ro\/#website","url":"https:\/\/limbadaneza.ro\/","name":"Limba Daneza","description":"Cursuri de limba daneza si traduceri","publisher":{"@id":"https:\/\/limbadaneza.ro\/#organization"},"potentialAction":[{"@type":"SearchAction","target":{"@type":"EntryPoint","urlTemplate":"https:\/\/limbadaneza.ro\/?s={search_term_string}"},"query-input":"required name=search_term_string"}],"inLanguage":"da-DK"},{"@type":"Organization","@id":"https:\/\/limbadaneza.ro\/#organization","name":"Limba Daneza","url":"https:\/\/limbadaneza.ro\/","logo":{"@type":"ImageObject","inLanguage":"da-DK","@id":"https:\/\/limbadaneza.ro\/#\/schema\/logo\/image\/","url":"https:\/\/limbadaneza.ro\/wp-content\/uploads\/2018\/04\/logo_vikingro1.png","contentUrl":"https:\/\/limbadaneza.ro\/wp-content\/uploads\/2018\/04\/logo_vikingro1.png","width":4509,"height":1018,"caption":"Limba Daneza"},"image":{"@id":"https:\/\/limbadaneza.ro\/#\/schema\/logo\/image\/"}}]}},"_links":{"self":[{"href":"https:\/\/limbadaneza.ro\/da\/wp-json\/wp\/v2\/pages\/1925"}],"collection":[{"href":"https:\/\/limbadaneza.ro\/da\/wp-json\/wp\/v2\/pages"}],"about":[{"href":"https:\/\/limbadaneza.ro\/da\/wp-json\/wp\/v2\/types\/page"}],"author":[{"embeddable":true,"href":"https:\/\/limbadaneza.ro\/da\/wp-json\/wp\/v2\/users\/2"}],"replies":[{"embeddable":true,"href":"https:\/\/limbadaneza.ro\/da\/wp-json\/wp\/v2\/comments?post=1925"}],"version-history":[{"count":0,"href":"https:\/\/limbadaneza.ro\/da\/wp-json\/wp\/v2\/pages\/1925\/revisions"}],"wp:attachment":[{"href":"https:\/\/limbadaneza.ro\/da\/wp-json\/wp\/v2\/media?parent=1925"}],"curies":[{"name":"wp","href":"https:\/\/api.w.org\/{rel}","templated":true}]}}